{"id":26531,"date":"2022-05-02T16:10:47","date_gmt":"2022-05-03T06:36:37","guid":{"rendered":"https:\/\/easy-marking.com\/product\/bodenschild-palettenheber-parkplatz-aufkleber-45cm\/"},"modified":"2022-06-01T12:47:15","modified_gmt":"2022-06-01T10:47:15","slug":"bodenschild-palettenheber-parkplatzaufkleber-45cm","status":"publish","type":"product","link":"https:\/\/easy-marking.com\/de\/produkt\/bodenschild-palettenheber-parkplatzaufkleber-45cm\/","title":{"rendered":"Bodenschild &#8211; Palettenheber Parkplatz Aufkleber 45cm"},"content":{"rendered":"<p>Durchmesser: 45 cm (kontaktieren Sie uns, wenn Sie eine andere Gr\u00f6\u00dfe ben\u00f6tigen)<br \/>\nMaterial: Urethan<br \/>\nKleber: Starker, hochwertiger Kleber aus der Bauwelt<br \/>\nOberfl\u00e4che: Glatt, gl\u00e4nzend, schmutzabweisend und leicht zu reinigen<\/p>\n<p>Erh\u00e4ltlich von \u00d8 10 cm &#8211; 55 cm Ihr Symbol ist nicht dabei? Kontaktiere uns jetzt! Sie k\u00f6nnen auch Ihr eigenes Symbol entwerfen!<\/p>\n","protected":false},"excerpt":{"rendered":"<p>Selbstklebendes Sicherheitsschild mit<\/p>\n<ul>\n<li>glatter Oberfl\u00e4che und hochgl\u00e4nzender Beschichtung, die sich selbst reinigt<\/li>\n<li>starker Klebstoff<\/li>\n<li>gewebte Verst\u00e4rkung f\u00fcr erh\u00f6hte Haltbarkeit<\/li>\n<li>schnell zu installieren<\/li>\n<li>Beste Option f\u00fcr unebene Oberfl\u00e4chen<\/li>\n<\/ul>\n<p>Sie finden Ihr gew\u00fcnschtes Bodenschild nicht? Der Aufdruck ist frei gestaltbar und in hoher Aufl\u00f6sung. Gestalten Sie Ihr eigenes Bodenschild mit unserem Customizer.<\/p>\n","protected":false},"featured_media":15951,"comment_status":"open","ping_status":"closed","template":"","meta":{"_acf_changed":false},"product_brand":[],"product_cat":[408,485],"product_tag":[],"class_list":{"0":"post-26531","1":"product","2":"type-product","3":"status-publish","4":"has-post-thumbnail","6":"product_cat-superior-mark-bodenaufkleber","7":"product_cat-verkehrs-und-organisations-zeichen","9":"first","10":"instock","11":"taxable","12":"shipping-taxable","13":"purchasable","14":"product-type-simple"},"acf":[],"_links":{"self":[{"href":"https:\/\/easy-marking.com\/de\/wp-json\/wp\/v2\/product\/26531","targetHints":{"allow":["GET"]}}],"collection":[{"href":"https:\/\/easy-marking.com\/de\/wp-json\/wp\/v2\/product"}],"about":[{"href":"https:\/\/easy-marking.com\/de\/wp-json\/wp\/v2\/types\/product"}],"replies":[{"embeddable":true,"href":"https:\/\/easy-marking.com\/de\/wp-json\/wp\/v2\/comments?post=26531"}],"version-history":[{"count":0,"href":"https:\/\/easy-marking.com\/de\/wp-json\/wp\/v2\/product\/26531\/revisions"}],"wp:featuredmedia":[{"embeddable":true,"href":"https:\/\/easy-marking.com\/de\/wp-json\/wp\/v2\/media\/15951"}],"wp:attachment":[{"href":"https:\/\/easy-marking.com\/de\/wp-json\/wp\/v2\/media?parent=26531"}],"wp:term":[{"taxonomy":"product_brand","embeddable":true,"href":"https:\/\/easy-marking.com\/de\/wp-json\/wp\/v2\/product_brand?post=26531"},{"taxonomy":"product_cat","embeddable":true,"href":"https:\/\/easy-marking.com\/de\/wp-json\/wp\/v2\/product_cat?post=26531"},{"taxonomy":"product_tag","embeddable":true,"href":"https:\/\/easy-marking.com\/de\/wp-json\/wp\/v2\/product_tag?post=26531"}],"curies":[{"name":"wp","href":"https:\/\/api.w.org\/{rel}","templated":true}]}}