{"id":17492,"date":"2020-05-11T22:51:29","date_gmt":"2020-02-11T21:51:29","guid":{"rendered":"https:\/\/easy-marking.com\/product\/bodenzeichen-notausgang-45cm\/"},"modified":"2022-06-01T12:47:15","modified_gmt":"2022-06-01T10:47:15","slug":"notausgang-boden-aufkleber","status":"publish","type":"product","link":"https:\/\/easy-marking.com\/de\/produkt\/notausgang-boden-aufkleber\/","title":{"rendered":"Notausgangsschild &#8211; Bodenaufkleber"},"content":{"rendered":"\t\t<div data-elementor-type=\"product-post\" data-elementor-id=\"17492\" class=\"elementor elementor-17492 elementor-17462\" data-elementor-post-type=\"product\">\n\t\t\t\t\t\t<section class=\"elementor-section elementor-top-section elementor-element elementor-element-4906c1d8 elementor-section-boxed elementor-section-height-default elementor-section-height-default\" data-id=\"4906c1d8\" data-element_type=\"section\" data-e-type=\"section\">\n\t\t\t\t\t\t<div class=\"elementor-container elementor-column-gap-default\">\n\t\t\t\t\t<div class=\"elementor-column elementor-col-100 elementor-top-column elementor-element elementor-element-6e149810\" data-id=\"6e149810\" data-element_type=\"column\" data-e-type=\"column\">\n\t\t\t<div class=\"elementor-widget-wrap elementor-element-populated\">\n\t\t\t\t\t\t<div class=\"elementor-element elementor-element-614e7ab2 elementor-widget elementor-widget-text-editor\" data-id=\"614e7ab2\" data-element_type=\"widget\" data-e-type=\"widget\" data-widget_type=\"text-editor.default\">\n\t\t\t\t<div class=\"elementor-widget-container\">\n\t\t\t\t\t\t\t\t\t<p><strong>Notausgangsschild<\/strong> leitet Personen zu dem <strong>Notausgang<\/strong>. Es wird h\u00e4ufig in Geb\u00e4uden, U-Bahnen, Bussen usw. verwendet.<\/p><h2>Notausgangsschild<\/h2><p>Aufkleber f\u00fcr Notausgangsschilder haben eine wichtige Bedeutung, wenn es darum geht, den besten Fluchtweg anzuzeigen. Notausgangsschilder spielen eine wichtige Rolle, wenn es darum geht, der \u00d6ffentlichkeit oder dem Personal im Notfall einen sicheren Ausgang zu erm\u00f6glichen. Eine schnelle und effiziente Evakuierung kann \u00fcber Leben und Tod entscheiden. Notausgangsschilder haben das Potenzial, im Brandfall Leben zu retten. Notausgangsschilder k\u00f6nnen an zahlreichen Orten wie Industrieumgebungen, Treppenh\u00e4usern, B\u00fcrogeb\u00e4uden und belebten \u00f6ffentlichen Pl\u00e4tzen angebracht werden.<\/p><p>Notausgangsschild-Aufkleber k\u00f6nnen verwendet werden, um den Evakuierungsweg anzuzeigen, wenn ein Brandnotfall eintritt. Das Notausgangsschild wird normalerweise strategisch platziert, um den besten Weg in die Sicherheit zu finden, und der beste Ort, um einen Notausgangsaufkleber zu verwenden, w\u00e4re \u00fcber oder neben einer Brandschutzt\u00fcr. Im Brand- oder Notfall spielen Notausgangsaufkleber eine entscheidende Rolle, wenn es darum geht, das Personal zu beraten, wie das Geb\u00e4ude so effizient und sicher wie m\u00f6glich evakuiert werden kann.<\/p><h2>Anforderungen an Notausgangsschilder<\/h2><p>Notausgangsschilder Bodenaufkleber werden normalerweise mit einer Notausgangsschildleuchte kombiniert. So werden Personen auch bei starker Rauchentwicklung oder fehlender Beleuchtung in Sicherheit geleitet.<\/p><h3>Sie k\u00f6nnen den gesuchten Sicherheitsbodenaufkleber nicht finden?<\/h3><p>Wir bieten einen umfassenden kundenspezifischen Design- und Druckservice, um Ihr eigenes Bodenschild ohne Aufpreis zu entwerfen. Wenden Sie sich mit Ihren Anforderungen an uns, wir helfen Ihnen gerne weiter.<\/p>\t\t\t\t\t\t\t\t<\/div>\n\t\t\t\t<\/div>\n\t\t\t\t\t<\/div>\n\t\t<\/div>\n\t\t\t\t\t<\/div>\n\t\t<\/section>\n\t\t\t\t<\/div>\n\t\t","protected":false},"excerpt":{"rendered":"<p>Selbstklebendes Sicherheitszeichen <strong>Notausgang<\/strong><strong>&#8211; Freihalten &#8211; Nicht blockieren<\/strong> Bodenaufkleber.<\/p>\n<p>Dieses Notausgangs-Bodenschild h\u00e4lt <strong>starker Beanspruchung und Gabelstaplerverkehr<\/strong> stand und besteht aus hochwertigem Industriematerial. Ein Muss, wenn Sie eine sichere Arbeitsumgebung f\u00fcr Ihre Kollegen schaffen.<\/p>\n<p>Dieser <strong data-key=\"emergency exit only sign\">Notausgang<\/strong>Bodenaufkleber ist sinnvoll zu verwenden, da die Menschen selbst bei starkem Rauch von einem Feuer das Schild <strong data-key=\"emergency exit only sign\">Notausgang<\/strong>sehen k\u00f6nnen.<strong data-key=\"emergency exit only sign\">. Notausgangsschilder<\/strong> sind stets ein Teil eines <strong>Notausgangsplanes<\/strong> und Standardpraxis in einem 5S-Setup.<\/p>\n","protected":false},"featured_media":24340,"comment_status":"closed","ping_status":"closed","template":"elementor_header_footer","meta":{"_acf_changed":false},"product_brand":[],"product_cat":[484,408],"product_tag":[],"class_list":{"0":"post-17492","1":"product","2":"type-product","3":"status-publish","4":"has-post-thumbnail","6":"product_cat-sicherheits-und-warn-zeichen","7":"product_cat-superior-mark-bodenaufkleber","9":"first","10":"instock","11":"taxable","12":"shipping-taxable","13":"purchasable","14":"product-type-simple"},"acf":[],"_links":{"self":[{"href":"https:\/\/easy-marking.com\/de\/wp-json\/wp\/v2\/product\/17492","targetHints":{"allow":["GET"]}}],"collection":[{"href":"https:\/\/easy-marking.com\/de\/wp-json\/wp\/v2\/product"}],"about":[{"href":"https:\/\/easy-marking.com\/de\/wp-json\/wp\/v2\/types\/product"}],"replies":[{"embeddable":true,"href":"https:\/\/easy-marking.com\/de\/wp-json\/wp\/v2\/comments?post=17492"}],"version-history":[{"count":0,"href":"https:\/\/easy-marking.com\/de\/wp-json\/wp\/v2\/product\/17492\/revisions"}],"wp:featuredmedia":[{"embeddable":true,"href":"https:\/\/easy-marking.com\/de\/wp-json\/wp\/v2\/media\/24340"}],"wp:attachment":[{"href":"https:\/\/easy-marking.com\/de\/wp-json\/wp\/v2\/media?parent=17492"}],"wp:term":[{"taxonomy":"product_brand","embeddable":true,"href":"https:\/\/easy-marking.com\/de\/wp-json\/wp\/v2\/product_brand?post=17492"},{"taxonomy":"product_cat","embeddable":true,"href":"https:\/\/easy-marking.com\/de\/wp-json\/wp\/v2\/product_cat?post=17492"},{"taxonomy":"product_tag","embeddable":true,"href":"https:\/\/easy-marking.com\/de\/wp-json\/wp\/v2\/product_tag?post=17492"}],"curies":[{"name":"wp","href":"https:\/\/api.w.org\/{rel}","templated":true}]}}