{"id":17476,"date":"2020-02-11T23:15:07","date_gmt":"2020-02-11T22:15:07","guid":{"rendered":"https:\/\/easy-marking.com\/product\/bodenzeichen-aed-45cm\/"},"modified":"2022-06-01T12:47:14","modified_gmt":"2022-06-01T10:47:14","slug":"boden-schild-aed-45cm","status":"publish","type":"product","link":"https:\/\/easy-marking.com\/de\/produkt\/boden-schild-aed-45cm\/","title":{"rendered":"Bodenschild &#8211; AED 45cm"},"content":{"rendered":"<p><b>Durchmesser<\/b>: 45cm (Kontaktieren Sie uns, wenn Sie eine andere Gr\u00f6\u00dfe ben\u00f6tigen)<br \/>\n<b>Material<\/b>: Urethan<br \/>\n<b>Klebstoff<\/b>: Starker, hochwertiger Kleber aus der Konstruktionswelt<br \/>\n<b>Oberfl\u00e4che<\/b>: glatt, gl\u00e4nzend, schmutzabweisend und leicht zu reinigen<\/p>\n<p><strong>Erh\u00e4ltlich von \u00d8 10 cm &#8211; 55 cm Ihr Symbol ist nicht dabei? Kontaktiere uns jetzt! Sie k\u00f6nnen auch Ihr eigenes Symbol entwerfen!<\/strong><\/p>\n","protected":false},"excerpt":{"rendered":"<p>Selbstklebendes Sicherheitsschild mit<\/p>\n<ul>\n<li style=\"list-style-type: none;\">\n<ul>\n<li>glatter Oberfl\u00e4che und hochgl\u00e4nzender Beschichtung, die sich selbst reinigt<\/li>\n<li>starker Klebstoff<\/li>\n<li>gewebte Verst\u00e4rkung f\u00fcr erh\u00f6hte Haltbarkeit<\/li>\n<li>schnell zu installieren<\/li>\n<li>Beste Option f\u00fcr unebene Oberfl\u00e4chen<\/li>\n<\/ul>\n<\/li>\n<\/ul>\n<p>Sie finden Ihr gew\u00fcnschtes Bodenschild nicht? Der Aufdruck ist frei gestaltbar und in hoher Aufl\u00f6sung. Gestalten Sie Ihr eigenes Bodenschild mit unserem <a href=\"https:\/\/easy-marking.co.uk\/product\/design-your-own\/\">Customizer<\/a>.<\/p>\n","protected":false},"featured_media":15921,"comment_status":"closed","ping_status":"closed","template":"","meta":{"_acf_changed":false},"product_brand":[],"product_cat":[408,485],"product_tag":[],"class_list":{"0":"post-17476","1":"product","2":"type-product","3":"status-publish","4":"has-post-thumbnail","6":"product_cat-superior-mark-bodenaufkleber","7":"product_cat-verkehrs-und-organisations-zeichen","9":"first","10":"instock","11":"taxable","12":"shipping-taxable","13":"purchasable","14":"product-type-simple"},"acf":[],"_links":{"self":[{"href":"https:\/\/easy-marking.com\/de\/wp-json\/wp\/v2\/product\/17476","targetHints":{"allow":["GET"]}}],"collection":[{"href":"https:\/\/easy-marking.com\/de\/wp-json\/wp\/v2\/product"}],"about":[{"href":"https:\/\/easy-marking.com\/de\/wp-json\/wp\/v2\/types\/product"}],"replies":[{"embeddable":true,"href":"https:\/\/easy-marking.com\/de\/wp-json\/wp\/v2\/comments?post=17476"}],"version-history":[{"count":0,"href":"https:\/\/easy-marking.com\/de\/wp-json\/wp\/v2\/product\/17476\/revisions"}],"wp:featuredmedia":[{"embeddable":true,"href":"https:\/\/easy-marking.com\/de\/wp-json\/wp\/v2\/media\/15921"}],"wp:attachment":[{"href":"https:\/\/easy-marking.com\/de\/wp-json\/wp\/v2\/media?parent=17476"}],"wp:term":[{"taxonomy":"product_brand","embeddable":true,"href":"https:\/\/easy-marking.com\/de\/wp-json\/wp\/v2\/product_brand?post=17476"},{"taxonomy":"product_cat","embeddable":true,"href":"https:\/\/easy-marking.com\/de\/wp-json\/wp\/v2\/product_cat?post=17476"},{"taxonomy":"product_tag","embeddable":true,"href":"https:\/\/easy-marking.com\/de\/wp-json\/wp\/v2\/product_tag?post=17476"}],"curies":[{"name":"wp","href":"https:\/\/api.w.org\/{rel}","templated":true}]}}