{"id":16659,"date":"2019-04-03T14:43:46","date_gmt":"2019-04-03T12:43:46","guid":{"rendered":"https:\/\/easy-marking.com\/product\/mercalin-striper-pro-professionell\/"},"modified":"2024-10-04T01:32:59","modified_gmt":"2024-10-03T23:32:59","slug":"mercalin-striper-pro-professionell","status":"publish","type":"product","link":"https:\/\/easy-marking.com\/de\/produkt\/mercalin-striper-pro-professionell\/","title":{"rendered":"Mercalin Striper PRO (professionell)"},"content":{"rendered":"<p>Mercalin Striper Pro ist f\u00fcr den professionellen Einsatz auf intensiv genutzten Pl\u00e4tzen, wie Lagerhallen und Parkpl\u00e4tzen. Die seidenmatte Oberfl\u00e4che (schmutzabweisend), zusammen mit dem verschlei\u00dffesten Eigenschaften gew\u00e4hrleisten eine lange Haltbarkeit . 6 pro Box.<\/p>\n","protected":false},"excerpt":{"rendered":"<p>Hohe Qualit\u00e4t und verschlei\u00dffeste Linienfarbe f\u00fcr den Einsatz im Innen- und Au\u00dfenbereich .<\/p>\n<p>Verf\u00fcgt \u00fcber ein 180\u00b0 Ventil<br \/>\nTyp: Aerosol<br \/>\nInhalt: 750 ml<br \/>\nkann mit dem Mercalin Markierwagen verwendet werden.<\/p>\n<p>Der Preis ist pro Dose.<br \/>\n6 St\u00fcck im Karton.<\/p>\n<p>Wir liefern auch :<br \/>\n&#8211; Holz \/ Beton \/ Stein Markierungsfarbe<br \/>\n&#8211; Asphalt Markierungsfarbe<br \/>\n&#8211; Fluoreszierende Markierungsfarbe<br \/>\n&#8211; Starke Markierungsfarben zum Beispiel f\u00fcr Geb\u00e4ude und Baustellen.<br \/>\n&#8211; Tempor\u00e4re Markierungsfarben<br \/>\n&#8211; Hochwertige verschlei\u00dffeste Markierungsfarbe<\/p>\n","protected":false},"featured_media":14571,"comment_status":"closed","ping_status":"closed","template":"","meta":{"_acf_changed":false},"product_brand":[],"product_cat":[213,474],"product_tag":[],"class_list":{"0":"post-16659","1":"product","2":"type-product","3":"status-publish","4":"has-post-thumbnail","6":"product_cat-mercalin-markierungs-spruehfarbe","7":"product_cat-mercalin-striper-linienmarkierungsfarbe","8":"product_shipping_class-technima-de","9":"pa_paint-color-gelbe-spruhfarbe","10":"pa_paint-color-weise-spruhfarbe","12":"first","13":"outofstock","14":"taxable","15":"shipping-taxable","16":"purchasable","17":"product-type-variable"},"acf":[],"_links":{"self":[{"href":"https:\/\/easy-marking.com\/de\/wp-json\/wp\/v2\/product\/16659","targetHints":{"allow":["GET"]}}],"collection":[{"href":"https:\/\/easy-marking.com\/de\/wp-json\/wp\/v2\/product"}],"about":[{"href":"https:\/\/easy-marking.com\/de\/wp-json\/wp\/v2\/types\/product"}],"replies":[{"embeddable":true,"href":"https:\/\/easy-marking.com\/de\/wp-json\/wp\/v2\/comments?post=16659"}],"version-history":[{"count":0,"href":"https:\/\/easy-marking.com\/de\/wp-json\/wp\/v2\/product\/16659\/revisions"}],"wp:featuredmedia":[{"embeddable":true,"href":"https:\/\/easy-marking.com\/de\/wp-json\/wp\/v2\/media\/14571"}],"wp:attachment":[{"href":"https:\/\/easy-marking.com\/de\/wp-json\/wp\/v2\/media?parent=16659"}],"wp:term":[{"taxonomy":"product_brand","embeddable":true,"href":"https:\/\/easy-marking.com\/de\/wp-json\/wp\/v2\/product_brand?post=16659"},{"taxonomy":"product_cat","embeddable":true,"href":"https:\/\/easy-marking.com\/de\/wp-json\/wp\/v2\/product_cat?post=16659"},{"taxonomy":"product_tag","embeddable":true,"href":"https:\/\/easy-marking.com\/de\/wp-json\/wp\/v2\/product_tag?post=16659"}],"curies":[{"name":"wp","href":"https:\/\/api.w.org\/{rel}","templated":true}]}}