{"id":16657,"date":"2019-04-03T14:45:25","date_gmt":"2019-04-03T12:45:25","guid":{"rendered":"https:\/\/easy-marking.com\/product\/mercalin-ts-temporar\/"},"modified":"2024-10-04T01:32:59","modified_gmt":"2024-10-03T23:32:59","slug":"mercalin-ts-temporare-markierungs-spruhfarbe","status":"publish","type":"product","link":"https:\/\/easy-marking.com\/de\/produkt\/mercalin-ts-temporare-markierungs-spruhfarbe\/","title":{"rendered":"Mercalin TS &#8211; Tempor\u00e4re Spr\u00fchfarbe"},"content":{"rendered":"<div class=\"product attribute overview\">\n<div class=\"value\">\n<p>Mercalin TS \u2013 Tempor\u00e4re Markierungs-Spr\u00fchfarbe f\u00fcr Beton und Asphalt wird verwendet, um tempor\u00e4re Markierungen und Markierungen zu erstellen und hat eine begrenzte Haltbarkeit von etwa zwei Monaten. Dieses Markierungsspray kann auf Asphalt, Beton, Gras oder Kies auf Fu\u00dfball-, Tennis- und Golfpl\u00e4tzen verwendet werden und wird auch f\u00fcr Sportveranstaltungen wie Marathons oder Radrennen empfohlen. Die Mercalin TS &#8211; Tempor\u00e4re Markierungs-Spr\u00fchfarbe ist in 600-ml-Dosen erh\u00e4ltlich und wird jeweils zu 12 Dosen verkauft.<\/p>\n<\/div>\n<h3>Datenblatt<\/h3>\n<p><strong>Anwendungsfeld<\/strong> Events \/ Bau<br \/>\n<strong>Anwendungsbereich<\/strong> Tempor\u00e4re Markierungen\/Stra\u00dfen<br \/>\n<strong>Produkttyp<\/strong> Nicht fluoreszierende Markierungsfarbe<br \/>\n<strong>Markierungsdauer<\/strong> 2 Monate<br \/>\n<strong>Volumen<\/strong> 600 ml<br \/>\n<strong>Packungsgr\u00f6\u00dfe<\/strong> Box mit 12 Dosen<\/p>\n<h3>Eigenschaften Mercalin TS &#8211; Tempor\u00e4res Markierungsspray<\/h3>\n<p><strong>Haftung<\/strong> hervorragend<br \/>\n<strong>Anwendung auf verschiedenen Untergr\u00fcnden<\/strong> Asphalt, Bitumen, Gras, Beton, Sand (f\u00fcr andere Untergr\u00fcnde; vor Gebrauch testen)<br \/>\n<strong>Trockenzeit<\/strong> 10 Minuten<br \/>\n<strong>Gebrauchstemperatur<\/strong> -20 bis 50\u00b0C<br \/>\n<strong>Spr\u00fchdauer<\/strong> Schnell auch auf feuchten Oberfl\u00e4chen.<br \/>\n<strong>Sichtbarkeit<\/strong> bis zu 8 Wochen (je nach Untergrund, Applikationsbedingungen und UV-Strahlung)<\/p>\n<\/div>\n","protected":false},"excerpt":{"rendered":"<p>Mercalin TS tempor\u00e4re Markierungsfarbe wird f\u00fcr tempor\u00e4re Markierungen verwendet und hat daher eine begrenzte Haltbarkeit. Es ist ideal zum Markieren auf Asphalt, Beton, Gras oder Kies, z.B. Fu\u00dfballfelder oder Golfpl\u00e4tze. Es wird h\u00e4ufig bei Veranstaltungen wie Marathons und Radsportveranstaltungen eingesetzt.<\/p>\n<p>Typ: Aerosol auf Kreidebasis<br \/>\nInhalt: 600 ml Spr\u00fchdose<br \/>\nHaltbarkeit: 2 bis 3 Wochen<\/p>\n<p>Der Preis gilt pro Karton.<br \/>\n10 in einer Box.<\/p>\n","protected":false},"featured_media":23515,"comment_status":"closed","ping_status":"closed","template":"","meta":{"_acf_changed":false},"product_brand":[],"product_cat":[213,482],"product_tag":[],"class_list":{"0":"post-16657","1":"product","2":"type-product","3":"status-publish","4":"has-post-thumbnail","6":"product_cat-mercalin-markierungs-spruehfarbe","7":"product_cat-temporaere-markierungsfarbe","8":"product_shipping_class-technima-de","9":"pa_paint-color-blaue-spruhfarbe","10":"pa_paint-color-gelbe-spruhfarbe","11":"pa_paint-color-orange-spruhfarbe","12":"pa_paint-color-rote-spruhfarbe","13":"pa_paint-color-weise-spruhfarbe","15":"first","16":"outofstock","17":"taxable","18":"shipping-taxable","19":"purchasable","20":"product-type-variable"},"acf":[],"_links":{"self":[{"href":"https:\/\/easy-marking.com\/de\/wp-json\/wp\/v2\/product\/16657","targetHints":{"allow":["GET"]}}],"collection":[{"href":"https:\/\/easy-marking.com\/de\/wp-json\/wp\/v2\/product"}],"about":[{"href":"https:\/\/easy-marking.com\/de\/wp-json\/wp\/v2\/types\/product"}],"replies":[{"embeddable":true,"href":"https:\/\/easy-marking.com\/de\/wp-json\/wp\/v2\/comments?post=16657"}],"version-history":[{"count":0,"href":"https:\/\/easy-marking.com\/de\/wp-json\/wp\/v2\/product\/16657\/revisions"}],"wp:featuredmedia":[{"embeddable":true,"href":"https:\/\/easy-marking.com\/de\/wp-json\/wp\/v2\/media\/23515"}],"wp:attachment":[{"href":"https:\/\/easy-marking.com\/de\/wp-json\/wp\/v2\/media?parent=16657"}],"wp:term":[{"taxonomy":"product_brand","embeddable":true,"href":"https:\/\/easy-marking.com\/de\/wp-json\/wp\/v2\/product_brand?post=16657"},{"taxonomy":"product_cat","embeddable":true,"href":"https:\/\/easy-marking.com\/de\/wp-json\/wp\/v2\/product_cat?post=16657"},{"taxonomy":"product_tag","embeddable":true,"href":"https:\/\/easy-marking.com\/de\/wp-json\/wp\/v2\/product_tag?post=16657"}],"curies":[{"name":"wp","href":"https:\/\/api.w.org\/{rel}","templated":true}]}}