{"id":16652,"date":"2019-04-03T14:47:23","date_gmt":"2019-04-03T12:47:23","guid":{"rendered":"https:\/\/easy-marking.com\/product\/mercalin-asphalt-marker-4\/"},"modified":"2022-05-10T16:54:33","modified_gmt":"2022-05-10T14:54:33","slug":"mercalin-asphalt-marker","status":"publish","type":"product","link":"https:\/\/easy-marking.com\/de\/produkt\/mercalin-asphalt-marker\/","title":{"rendered":"Mercalin\u00ae Asphalt Marker &#8211; 12er Pack"},"content":{"rendered":"<h2>Stra\u00dfenfarbe Mercalin\u00ae AS (Asphaltmarker)<\/h2>\n<p>Mercalin Asphalt Marker ist eine semipermanente Acrylfarbe mit hochwertiger Farbformel f\u00fcr die Anwendung auf hei\u00dfem Asphalt. Unser Mercalin AS Wei\u00df bleibt wei\u00df!<br \/>\nErh\u00e4ltlich als 600 ml Spray in den Farben wei\u00df, gelb und schwarz.<br \/>\nMercalin Asphalt Marker kann auf verschiedenen Untergr\u00fcnden wie Stein, Beton etc. aufgetragen werden.<br \/>\n&#8211; 180\u00b0-D\u00fcse f\u00fcr den manuellen Einsatz oder den Einsatz im <a href=\"https:\/\/easy-marking.com\/de\/produkt\/markierungswage\/\">Mercalin Markierwagen<\/a><br \/>\n&#8211; Schnell trocknend<br \/>\n&#8211; Wetterresistent<br \/>\n&#8211; Farbe verblasst allm\u00e4hlich<br \/>\n&#8211; Auch bei niedrigen Temperaturen einsetzbar<br \/>\n&#8211; Hohe Deckkraft<br \/>\n&#8211; 12 Einheiten pro Karton<\/p>\n","protected":false},"excerpt":{"rendered":"<div class=\"product attribute overview\">\n<div class=\"value\">\n<p>Mercalin\u00ae Asphalt Marker ist eine hochwertige Asphaltfarbe. Schnell trocknend und witterungsbest\u00e4ndig. 12 pro Karton.<\/p>\n<p>&nbsp;<\/p>\n<\/div>\n<\/div>\n","protected":false},"featured_media":26748,"comment_status":"closed","ping_status":"closed","template":"","meta":{"_acf_changed":false},"product_brand":[],"product_cat":[213,531],"product_tag":[],"class_list":{"0":"post-16652","1":"product","2":"type-product","3":"status-publish","4":"has-post-thumbnail","6":"product_cat-mercalin-markierungs-spruehfarbe","7":"product_cat-mercalin-asphalt-marker-de","8":"product_shipping_class-technima-de","9":"pa_paint-color-blaue-spruhfarbe","10":"pa_paint-color-gelbe-spruhfarbe","11":"pa_paint-color-grune-spruhfarbe","12":"pa_paint-color-orange-spruhfarbe","13":"pa_paint-color-rote-spruhfarbe","14":"pa_paint-color-schwarze-spruhfarbe","15":"pa_paint-color-weise-spruhfarbe","17":"first","18":"outofstock","19":"taxable","20":"shipping-taxable","21":"purchasable","22":"product-type-variable"},"acf":[],"_links":{"self":[{"href":"https:\/\/easy-marking.com\/de\/wp-json\/wp\/v2\/product\/16652","targetHints":{"allow":["GET"]}}],"collection":[{"href":"https:\/\/easy-marking.com\/de\/wp-json\/wp\/v2\/product"}],"about":[{"href":"https:\/\/easy-marking.com\/de\/wp-json\/wp\/v2\/types\/product"}],"replies":[{"embeddable":true,"href":"https:\/\/easy-marking.com\/de\/wp-json\/wp\/v2\/comments?post=16652"}],"version-history":[{"count":0,"href":"https:\/\/easy-marking.com\/de\/wp-json\/wp\/v2\/product\/16652\/revisions"}],"wp:featuredmedia":[{"embeddable":true,"href":"https:\/\/easy-marking.com\/de\/wp-json\/wp\/v2\/media\/26748"}],"wp:attachment":[{"href":"https:\/\/easy-marking.com\/de\/wp-json\/wp\/v2\/media?parent=16652"}],"wp:term":[{"taxonomy":"product_brand","embeddable":true,"href":"https:\/\/easy-marking.com\/de\/wp-json\/wp\/v2\/product_brand?post=16652"},{"taxonomy":"product_cat","embeddable":true,"href":"https:\/\/easy-marking.com\/de\/wp-json\/wp\/v2\/product_cat?post=16652"},{"taxonomy":"product_tag","embeddable":true,"href":"https:\/\/easy-marking.com\/de\/wp-json\/wp\/v2\/product_tag?post=16652"}],"curies":[{"name":"wp","href":"https:\/\/api.w.org\/{rel}","templated":true}]}}