{"id":16648,"date":"2019-04-04T07:29:08","date_gmt":"2019-04-04T05:29:08","guid":{"rendered":"https:\/\/easy-marking.com\/product\/aerosolbehalter-pvc-lang-mit-rad\/"},"modified":"2021-10-07T15:23:53","modified_gmt":"2021-10-07T13:23:53","slug":"aerosolbehalter-pvc-lang-mit-rad","status":"publish","type":"product","link":"https:\/\/easy-marking.com\/de\/produkt\/aerosolbehalter-pvc-lang-mit-rad\/","title":{"rendered":"Aerosolbeh\u00e4lter PVC lang mit Rad"},"content":{"rendered":"","protected":false},"excerpt":{"rendered":"<p>Neuer Aerosolbeh\u00e4lter mit Rad f\u00fcr Kennzeichnungsarbeiten. Passend f\u00fcr Mercalin RS, Mercalin Marker und Kadeem All Weather -Spray . einfache Anwendung erh\u00f6hte Pr\u00e4zision. Ergonomisch geformter Aerosolbeh\u00e4lter. Auch geeignet f\u00fcr 600ml Dosen, Mercalin TS<\/p>\n","protected":false},"featured_media":14607,"comment_status":"closed","ping_status":"closed","template":"","meta":{"_acf_changed":false},"product_brand":[],"product_cat":[213,475],"product_tag":[],"class_list":{"0":"post-16648","1":"product","2":"type-product","3":"status-publish","4":"has-post-thumbnail","6":"product_cat-mercalin-markierungs-spruehfarbe","7":"product_cat-zubehoer-fuer-markierungsfarbe","8":"product_shipping_class-technima-de","10":"first","11":"instock","12":"taxable","13":"shipping-taxable","14":"purchasable","15":"product-type-simple"},"acf":[],"_links":{"self":[{"href":"https:\/\/easy-marking.com\/de\/wp-json\/wp\/v2\/product\/16648","targetHints":{"allow":["GET"]}}],"collection":[{"href":"https:\/\/easy-marking.com\/de\/wp-json\/wp\/v2\/product"}],"about":[{"href":"https:\/\/easy-marking.com\/de\/wp-json\/wp\/v2\/types\/product"}],"replies":[{"embeddable":true,"href":"https:\/\/easy-marking.com\/de\/wp-json\/wp\/v2\/comments?post=16648"}],"version-history":[{"count":0,"href":"https:\/\/easy-marking.com\/de\/wp-json\/wp\/v2\/product\/16648\/revisions"}],"wp:featuredmedia":[{"embeddable":true,"href":"https:\/\/easy-marking.com\/de\/wp-json\/wp\/v2\/media\/14607"}],"wp:attachment":[{"href":"https:\/\/easy-marking.com\/de\/wp-json\/wp\/v2\/media?parent=16648"}],"wp:term":[{"taxonomy":"product_brand","embeddable":true,"href":"https:\/\/easy-marking.com\/de\/wp-json\/wp\/v2\/product_brand?post=16648"},{"taxonomy":"product_cat","embeddable":true,"href":"https:\/\/easy-marking.com\/de\/wp-json\/wp\/v2\/product_cat?post=16648"},{"taxonomy":"product_tag","embeddable":true,"href":"https:\/\/easy-marking.com\/de\/wp-json\/wp\/v2\/product_tag?post=16648"}],"curies":[{"name":"wp","href":"https:\/\/api.w.org\/{rel}","templated":true}]}}