{"id":16646,"date":"2019-04-04T07:29:56","date_gmt":"2019-04-04T05:29:56","guid":{"rendered":"https:\/\/easy-marking.com\/product\/aerosolbehalter-pvc-kurz\/"},"modified":"2023-08-25T13:18:25","modified_gmt":"2023-08-25T11:18:25","slug":"mercalin-kadeem-aerosol-airspray-behalter-kurz-pistole-pvc","status":"publish","type":"product","link":"https:\/\/easy-marking.com\/de\/produkt\/mercalin-kadeem-aerosol-airspray-behalter-kurz-pistole-pvc\/","title":{"rendered":"Mercalin\u00ae\/Kadeem Aerosol Airspray Beh\u00e4lter kurze Pistole &#8211; PVC"},"content":{"rendered":"<h2>Mercalin\u00ae\/Kadeem Aerosol Luftspr\u00fchdose kurze Pistole<\/h2>\n<p>Der neue Kunststoff-Spr\u00fchdosenhalter mit Pistolengriff ist leicht und wurde f\u00fcr die professionelle Bodenmarkierung entwickelt. Mit dem neuen Design und den neuen Materialien erf\u00fcllt der Pistolengriff die strengsten Anforderungen der Benutzer.<\/p>\n<p>&nbsp;<\/p>\n<h3>Merkmale der Mercalin\u00ae\/Kadeem Aerosol Luftspr\u00fchdose kurze Pistole<\/h3>\n<p>&#8211; Der Mercalin\u00ae\/Kadeem Aerosol Luftspr\u00fchbeh\u00e4lter kurze Pistole ist flexibel, leicht und ergonomisch dank des gew\u00e4hlten Materials und eines auf den Komfort des Benutzers zugeschnittenen Designs.<br \/>\n&#8211; Die Aerosol-Luftspr\u00fchdose kurze Pistole passt auf alle Gr\u00f6\u00dfen von Aerosoldosen. Es ist ein unverzichtbares Werkzeug f\u00fcr alle Markierungsarbeiten.<br \/>\n&#8211; Verwendbar mit Mercalin RS, Mercalin TS und Mercaling (Asphalt)Marker<br \/>\n&#8211; Kann mit Kadeem Markierungsspray und All Weather Spray verwendet werden<br \/>\n&#8211; Geeignet f\u00fcr 500 und 600 ml Aerosoldosen.<br \/>\n&#8211; Kann mit Aerosoldosen verschiedener Gr\u00f6\u00dfe verwendet werden, kann an Ihre Marke angepasst werden, ist es auch die wesentliche Vorlage Markierungswerkzeug<\/p>\n<p>&nbsp;<\/p>\n<h3>So funktioniert die Mercalin\u00ae\/Kadeem Aerosol Luftspr\u00fchdose Kurzpistole<\/h3>\n<div class=\"mceTemp\"><\/div>\n<p>1. Erster Schritt: Das Aerosol f\u00fcr den Gebrauch vorbereiten: sch\u00fctteln und die Kappe \u00f6ffnen oder entfernen<\/p>\n<p><img decoding=\"async\" class=\"size-full wp-image-26766\" src=\"https:\/\/easy-marking.com\/wp-content\/uploads\/Mercalin-Kadeem-Aerosol-air-spray-container-short-pistol-1.png\" alt=\"Mercalin-Kadeem Aerosol-Luftspr\u00fchbeh\u00e4lter kurze Pistole-1\" width=\"120\" height=\"120\" srcset=\"https:\/\/easy-marking.com\/wp-content\/uploads\/Mercalin-Kadeem-Aerosol-air-spray-container-short-pistol-1.png 120w, https:\/\/easy-marking.com\/wp-content\/uploads\/Mercalin-Kadeem-Aerosol-air-spray-container-short-pistol-1-100x100.png 100w\" sizes=\"(max-width: 120px) 100vw, 120px\" \/><\/p>\n<p>2. Dr\u00fccken Sie den Pfeil, um den Schieberegler zur\u00fcckzuschieben<\/p>\n<p><img decoding=\"async\" class=\"size-full wp-image-26763\" src=\"https:\/\/easy-marking.com\/wp-content\/uploads\/Mercalin-Kadeem-Aerosol-air-spray-container-short-pistol-2.png\" alt=\"Mercalin-Kadeem Aerosol-Luftspr\u00fchbeh\u00e4lter kurze Pistole-2\" width=\"124\" height=\"120\"><\/p>\n<p>&nbsp;<\/p>\n<p>3. Platzieren Sie den Boden der Aerosoldose zwischen der Nut und dem Anschlag<\/p>\n<p><img decoding=\"async\" class=\"size-full wp-image-26760\" src=\"https:\/\/easy-marking.com\/wp-content\/uploads\/Mercalin-Kadeem-Aerosol-air-spray-container-short-pistol-3.png\" alt=\"Mercalin-Kadeem Aerosol-Luftspr\u00fchbeh\u00e4lter kurze Pistole-3\" width=\"124\" height=\"120\"><\/p>\n<p>&nbsp;<\/p>\n<p>4. Dr\u00fccken Sie auf den Pfeil, um den Schieber nach vorne zu bewegen und die D\u00fcse richtig zu positionieren, in Kontakt mit dem orangefarbenen Teil des Zerst\u00e4ubers.<\/p>\n<p><img loading=\"lazy\" decoding=\"async\" class=\"size-full wp-image-26757\" src=\"https:\/\/easy-marking.com\/wp-content\/uploads\/Mercalin-Kadeem-Aerosol-air-spray-container-short-pistol-4.png\" alt=\"Mercalin-Kadeem Aerosol-Luftspr\u00fchbeh\u00e4lter kurze Pistole-4\" width=\"124\" height=\"120\"><\/p>\n<p>&nbsp;<\/p>\n<p>5. Ziehen Sie den Abzug am Zerst\u00e4uber<\/p>\n<p><img loading=\"lazy\" decoding=\"async\" class=\"size-full wp-image-26754\" src=\"https:\/\/easy-marking.com\/wp-content\/uploads\/Mercalin-Kadeem-Aerosol-air-spray-container-short-pistol-5.png\" alt=\"Mercalin-Kadeem Aerosol-Luftspr\u00fchbeh\u00e4lter kurze Pistole-5\" width=\"124\" height=\"120\"><\/p>\n<p>&nbsp;<\/p>\n<p>6. Um das Aerosol zu entfernen, dr\u00fccken Sie den Pfeil und bewegen Sie den Schieber wieder zur\u00fcck.<\/p>\n<p><img loading=\"lazy\" decoding=\"async\" class=\"size-full wp-image-26751\" src=\"https:\/\/easy-marking.com\/wp-content\/uploads\/Mercalin-Kadeem-Aerosol-air-spray-container-short-pistol-6.png\" alt=\"Mercalin-Kadeem Aerosol-Luftspr\u00fchbeh\u00e4lter kurze Pistole-6\" width=\"124\" height=\"120\"><\/p>\n","protected":false},"excerpt":{"rendered":"<p>&nbsp;<\/p>\n<p>Der neue Mercalin\u00ae\/Kadeem Aerosol-Airspray-Beh\u00e4lter Pistolen-Kurzplastik-Spr\u00fchdosenhalter mit Pistolengriff ist leicht und wurde f\u00fcr die professionelle Bodenmarkierung entwickelt. Mit dem neuen Design und den neuen Materialien erf\u00fcllt der Pistolengriff die strengsten Anforderungen der Benutzer.<\/p>\n<p>Geeignet f\u00fcr Mercalin RS Mercalin Marker und Kadeem All Weather Spray. F\u00fcr einen einfachen Markierungsprozess und pr\u00e4zise Ergebnisse. Ergonomisch geformter Aerosolbeh\u00e4lter. Geeignet f\u00fcr 600ml-Aerosol, Mercalin TS.<\/p>\n<p>&nbsp;<\/p>\n","protected":false},"featured_media":14611,"comment_status":"closed","ping_status":"closed","template":"","meta":{"_acf_changed":false},"product_brand":[],"product_cat":[213,475],"product_tag":[],"class_list":{"0":"post-16646","1":"product","2":"type-product","3":"status-publish","4":"has-post-thumbnail","6":"product_cat-mercalin-markierungs-spruehfarbe","7":"product_cat-zubehoer-fuer-markierungsfarbe","8":"product_shipping_class-technima-de","9":"product_shipping_class-technima","11":"first","12":"instock","13":"taxable","14":"shipping-taxable","15":"purchasable","16":"product-type-simple"},"acf":[],"_links":{"self":[{"href":"https:\/\/easy-marking.com\/de\/wp-json\/wp\/v2\/product\/16646","targetHints":{"allow":["GET"]}}],"collection":[{"href":"https:\/\/easy-marking.com\/de\/wp-json\/wp\/v2\/product"}],"about":[{"href":"https:\/\/easy-marking.com\/de\/wp-json\/wp\/v2\/types\/product"}],"replies":[{"embeddable":true,"href":"https:\/\/easy-marking.com\/de\/wp-json\/wp\/v2\/comments?post=16646"}],"version-history":[{"count":0,"href":"https:\/\/easy-marking.com\/de\/wp-json\/wp\/v2\/product\/16646\/revisions"}],"wp:featuredmedia":[{"embeddable":true,"href":"https:\/\/easy-marking.com\/de\/wp-json\/wp\/v2\/media\/14611"}],"wp:attachment":[{"href":"https:\/\/easy-marking.com\/de\/wp-json\/wp\/v2\/media?parent=16646"}],"wp:term":[{"taxonomy":"product_brand","embeddable":true,"href":"https:\/\/easy-marking.com\/de\/wp-json\/wp\/v2\/product_brand?post=16646"},{"taxonomy":"product_cat","embeddable":true,"href":"https:\/\/easy-marking.com\/de\/wp-json\/wp\/v2\/product_cat?post=16646"},{"taxonomy":"product_tag","embeddable":true,"href":"https:\/\/easy-marking.com\/de\/wp-json\/wp\/v2\/product_tag?post=16646"}],"curies":[{"name":"wp","href":"https:\/\/api.w.org\/{rel}","templated":true}]}}