{"id":16568,"date":"2019-04-04T07:46:44","date_gmt":"2019-04-04T05:46:44","guid":{"rendered":"https:\/\/easy-marking.com\/product\/superior-mark-selbstklebender-fusabdruck\/"},"modified":"2024-10-04T01:32:58","modified_gmt":"2024-10-03T23:32:58","slug":"superior-mark-fussabdruck-bodenmarkierung-aufkleber","status":"publish","type":"product","link":"https:\/\/easy-marking.com\/de\/produkt\/superior-mark-fussabdruck-bodenmarkierung-aufkleber\/","title":{"rendered":"Superior Mark\u00ae Fu\u00dfabdr\u00fccke Bodenmarkierungsaufkleber"},"content":{"rendered":"<p><strong>Gr\u00f6\u00dfe:<\/strong> 100 x 300 mm<br \/>\n<strong>Einheit:<\/strong> 10 Paare<br \/>\n<strong>Dicke:<\/strong> 0.81mm<br \/>\n<strong>Material:<\/strong> PVC<br \/>\n<strong>Klebstoff:<\/strong> Druckempfindlicher, vertiefter Klebstoff<br \/>\n<strong>Oberfl\u00e4che:<\/strong> Glatt, gl\u00e4nzend, schmutzabweisend und leicht zu reinigen<\/p>\n","protected":false},"excerpt":{"rendered":"<p>Durch den Einsatz der selbstklebenden Fu\u00dfabdr\u00fccke lassen sich Gehwege ganz einfach markieren. 10 pro Packung.<\/p>\n<p>Mit den selbstklebenden Fu\u00dfabdr\u00fccken markieren Sie ganz einfach Ihre Gehwege.<\/p>\n<ul>\n<li>Schnelle Installation<\/li>\n<li>Widersteht starkem Gabelstaplerverkehr<\/li>\n<li>Erh\u00e4ltlich in verschiedenen Farben<\/li>\n<li>Langlebig und resistent gegen Schieben von Paletten<\/li>\n<li>Selbstklebend<\/li>\n<li>Einfach zu entfernen, um Ihren Logistikprozess zu \u00e4ndern<\/li>\n<li>Geeignet f\u00fcr Lean- und 5s-Produktion und Lean- und 5s-Prozesse<\/li>\n<\/ul>\n","protected":false},"featured_media":26636,"comment_status":"closed","ping_status":"closed","template":"","meta":{"_acf_changed":false},"product_brand":[],"product_cat":[418,470],"product_tag":[],"class_list":{"0":"post-16568","1":"product","2":"type-product","3":"status-publish","4":"has-post-thumbnail","6":"product_cat-bodenmarkierungen","7":"product_cat-fussabdruck-markierung","8":"pa_tape-color-bodenband-einfarbig-blau","9":"pa_tape-color-bodenband-einfarbig-gelb","10":"pa_tape-color-bodenband-einfarbig-grun","11":"pa_tape-color-bodenband-einfarbig-orange","12":"pa_tape-color-bodenband-einfarbig-rot","13":"pa_tape-color-bodenband-einfarbig-schwarz","14":"pa_tape-color-bodenband-einfarbig-weis","16":"first","17":"instock","18":"taxable","19":"shipping-taxable","20":"purchasable","21":"product-type-variable"},"acf":[],"_links":{"self":[{"href":"https:\/\/easy-marking.com\/de\/wp-json\/wp\/v2\/product\/16568","targetHints":{"allow":["GET"]}}],"collection":[{"href":"https:\/\/easy-marking.com\/de\/wp-json\/wp\/v2\/product"}],"about":[{"href":"https:\/\/easy-marking.com\/de\/wp-json\/wp\/v2\/types\/product"}],"replies":[{"embeddable":true,"href":"https:\/\/easy-marking.com\/de\/wp-json\/wp\/v2\/comments?post=16568"}],"version-history":[{"count":0,"href":"https:\/\/easy-marking.com\/de\/wp-json\/wp\/v2\/product\/16568\/revisions"}],"wp:featuredmedia":[{"embeddable":true,"href":"https:\/\/easy-marking.com\/de\/wp-json\/wp\/v2\/media\/26636"}],"wp:attachment":[{"href":"https:\/\/easy-marking.com\/de\/wp-json\/wp\/v2\/media?parent=16568"}],"wp:term":[{"taxonomy":"product_brand","embeddable":true,"href":"https:\/\/easy-marking.com\/de\/wp-json\/wp\/v2\/product_brand?post=16568"},{"taxonomy":"product_cat","embeddable":true,"href":"https:\/\/easy-marking.com\/de\/wp-json\/wp\/v2\/product_cat?post=16568"},{"taxonomy":"product_tag","embeddable":true,"href":"https:\/\/easy-marking.com\/de\/wp-json\/wp\/v2\/product_tag?post=16568"}],"curies":[{"name":"wp","href":"https:\/\/api.w.org\/{rel}","templated":true}]}}