{"id":16560,"date":"2019-03-27T01:16:15","date_gmt":"2019-03-27T12:16:15","guid":{"rendered":"https:\/\/easy-marking.com\/product\/superior-mark-freezer-markierungsband\/"},"modified":"2024-10-04T01:32:58","modified_gmt":"2024-10-03T23:32:58","slug":"superior-mark-kuehllager-band","status":"publish","type":"product","link":"https:\/\/easy-marking.com\/de\/produkt\/superior-mark-kuehllager-band\/","title":{"rendered":"Superior Mark\u00ae Mark K\u00fchllager Band | Markierungsband f\u00fcr K\u00fchlh\u00e4user"},"content":{"rendered":"<p><strong>Typ:<\/strong> K\u00fchllager Band, Markierungsband f\u00fcr Gefrierh\u00e4user <strong><br \/>\nL\u00e4nge:<\/strong> 30m<br \/>\n<strong>Dicke:<\/strong> 0.81mm<br \/>\n<strong>Material:<\/strong> PVC<br \/>\n<strong>Klebstoff:<\/strong> Haftklebstoff, vertieft, der auch bei -20\u00b0C h\u00e4lt<br \/>\n<strong>Kanten:<\/strong> Abgeschr\u00e4gt f\u00fcr maximale Haltbarkeit bei starkem Industrieverkehr.<br \/>\n<strong>Oberfl\u00e4che:<\/strong> Glatt, gl\u00e4nzend, schmutzabweisend und leicht zu reinigen.<\/p>\n<p>In den letzten Jahren sind immer mehr Sicherheits- und Qualit\u00e4tsmanager gro\u00dfer (inter)nationaler Unternehmen dazu \u00fcbergegangen, f\u00fcr die Markierung ihrer K\u00fchlh\u00e4user Klebeband anstelle von Farbe zu verwenden. Das genaue Auftragen der Farbe ist eine sehr zeitraubende und unpraktische Aufgabe. Abgesehen davon l\u00e4sst die Verwendung von Farbe nicht viel Flexibilit\u00e4t zu, was ein Problem darstellen k\u00f6nnte, wenn Sie Ihre Arbeitsplatzorganisation auf dem neuesten Stand halten m\u00f6chten. Die Verwendung von Klebeband hilft Ihnen, diese und viele andere Probleme zu l\u00f6sen!<\/p>\n<h2>Vorteile und Eigenschaften<\/h2>\n<p>Bevor Sie auf unser K\u00fchlhaus Superior Mark Band umsteigen, m\u00f6chten Sie wahrscheinlich wissen, welche Vorteile es mit sich bringt. Wichtig ist nat\u00fcrlich, dass das Band bestimmte Anforderungen erf\u00fcllt. Zun\u00e4chst einmal muss das Klebeband einfach anzubringen sein, ohne zu zeitaufw\u00e4ndig zu sein.<\/p>\n<p>Dar\u00fcber hinaus ist es entscheidend, dass das Band best\u00e4ndig gegen Fu\u00dfg\u00e4ngerverkehr und dar\u00fcber fahrende Gabelstapler ist. Das Band sollte au\u00dferdem leicht zu reinigen sein, damit das K\u00fchllager den entsprechenden Hygieneanforderungen entspricht, und es sollte selbstverst\u00e4ndlich Temperaturen unter 0 \u00b0C standhalten. Ob Sie es glauben oder nicht, unser Superior Mark Gefrierband erf\u00fcllt jede einzelne dieser Anforderungen! Dies macht es zur idealen L\u00f6sung f\u00fcr Unternehmen, die Lean- und 5s-Prozesse verwenden, um ihre Arbeitsplatzorganisation zu optimieren.<\/p>\n<p>Neben all diesen erstaunlichen Eigenschaften k\u00f6nnen Sie auch entscheiden, welche Bandbreite f\u00fcr Ihre Zwecke geeignet ist. Sie k\u00f6nnen zwischen einer Breite von 5 cm oder 10 cm w\u00e4hlen. Die L\u00e4nge der Rolle betr\u00e4gt immer 30 Meter. Das K\u00fchllagerband ist in sechs verschiedenen Farben erh\u00e4ltlich und Sie k\u00f6nnen sich auch daf\u00fcr entscheiden, Ihr Firmenlogo oder einen Text Ihrer Wahl darauf drucken zu lassen. Was will man mehr?<\/p>\n<h2>Willst du es versuchen?<\/h2>\n<p>Wenn Sie testen m\u00f6chten, ob unser Superior Mark Gefrierband das Richtige f\u00fcr Sie ist, k\u00f6nnen Sie <a href=\"https:\/\/www.easy-marking.co.uk\/sample\/index\/index\/\" target=\"_blank\" rel=\"noopener noreferrer nofollow\">hier<\/a> ein kostenloses Muster anfordern!<\/p>\n","protected":false},"excerpt":{"rendered":"<p>Superior Mark Gefrierband ist ein spezielles Bodenmarkierungsband f\u00fcr K\u00fchlh\u00e4user, 30 m pro Rolle.<\/p>\n<ul>\n<li>Schnelle Installation<\/li>\n<li>Widersteht starkem Gabelstaplerverkehr<\/li>\n<li>Nur in gelb erh\u00e4ltlich<\/li>\n<li>Langlebig und resistent gegen Schieben von Paletten<\/li>\n<li>Selbstklebend<\/li>\n<li>Einfach zu entfernen, um Ihren Logistikprozess zu \u00e4ndern<\/li>\n<li>Geeignet f\u00fcr Lean- und 5s-Produktion und Lean- und 5s-Prozesse<\/li>\n<\/ul>\n","protected":false},"featured_media":22801,"comment_status":"closed","ping_status":"closed","template":"","meta":{"_acf_changed":false},"product_brand":[],"product_cat":[417],"product_tag":[],"class_list":{"0":"post-16560","1":"product","2":"type-product","3":"status-publish","4":"has-post-thumbnail","6":"product_cat-markierungsband-fuer-kuehllager","7":"pa_tape-color-bodenband-durchsichtig-transparent","8":"pa_tape-color-bodenband-einfarbig-blau","9":"pa_tape-color-bodenband-einfarbig-gelb","10":"pa_tape-color-bodenband-einfarbig-grun","11":"pa_tape-color-bodenband-einfarbig-orange","12":"pa_tape-color-bodenband-einfarbig-rot","13":"pa_width-10-cm-de","14":"pa_width-5-cm-de","16":"first","17":"instock","18":"taxable","19":"shipping-taxable","20":"purchasable","21":"product-type-variable"},"acf":[],"_links":{"self":[{"href":"https:\/\/easy-marking.com\/de\/wp-json\/wp\/v2\/product\/16560","targetHints":{"allow":["GET"]}}],"collection":[{"href":"https:\/\/easy-marking.com\/de\/wp-json\/wp\/v2\/product"}],"about":[{"href":"https:\/\/easy-marking.com\/de\/wp-json\/wp\/v2\/types\/product"}],"replies":[{"embeddable":true,"href":"https:\/\/easy-marking.com\/de\/wp-json\/wp\/v2\/comments?post=16560"}],"version-history":[{"count":0,"href":"https:\/\/easy-marking.com\/de\/wp-json\/wp\/v2\/product\/16560\/revisions"}],"wp:featuredmedia":[{"embeddable":true,"href":"https:\/\/easy-marking.com\/de\/wp-json\/wp\/v2\/media\/22801"}],"wp:attachment":[{"href":"https:\/\/easy-marking.com\/de\/wp-json\/wp\/v2\/media?parent=16560"}],"wp:term":[{"taxonomy":"product_brand","embeddable":true,"href":"https:\/\/easy-marking.com\/de\/wp-json\/wp\/v2\/product_brand?post=16560"},{"taxonomy":"product_cat","embeddable":true,"href":"https:\/\/easy-marking.com\/de\/wp-json\/wp\/v2\/product_cat?post=16560"},{"taxonomy":"product_tag","embeddable":true,"href":"https:\/\/easy-marking.com\/de\/wp-json\/wp\/v2\/product_tag?post=16560"}],"curies":[{"name":"wp","href":"https:\/\/api.w.org\/{rel}","templated":true}]}}