{"id":16552,"date":"2019-03-27T10:24:03","date_gmt":"2019-03-27T09:24:03","guid":{"rendered":"https:\/\/easy-marking.com\/product\/superior-mark-bodenmarkierungsband-5cm\/"},"modified":"2024-10-04T01:32:58","modified_gmt":"2024-10-03T23:32:58","slug":"bodenmarkierungsband-fuer-boden-markierungen","status":"publish","type":"product","link":"https:\/\/easy-marking.com\/de\/produkt\/bodenmarkierungsband-fuer-boden-markierungen\/","title":{"rendered":"Superior Mark\u00ae Bodenmarkierungsband | Klebeband zur Bodenmarkierung"},"content":{"rendered":"<p class=\"p1\"><span class=\"s1\"><b>Material<\/b> PVC<br \/>\n<b>Klebstoff<\/b> Haftklebstoff, vertieft<br \/>\n<b>Kanten<\/b> Abgeschr\u00e4gt f\u00fcr maximale Haltbarkeit bei schwerem Industrieverkehr wie Gabelstaplern.<br \/>\n<b>Oberfl\u00e4che<\/b> Glatt, gl\u00e4nzend, schmutzabweisend und leicht zu reinigen.<\/span><\/p>\n","protected":false},"excerpt":{"rendered":"<p class=\"p1\"><span class=\"s1\">Superior Mark Bodenmarkierungsband 30 m pro Rolle.<\/span><\/p>\n<ul class=\"ul1\">\n<li class=\"li2\">Extra starkes Bodenmarkierungsband in h\u00f6chster Industriequalit\u00e4t f\u00fcr den Innenbereich<\/li>\n<li>Widerstandsf\u00e4hig gegen starken Gabelstaplerverkehr und industriellen Verkehr<\/li>\n<li>Extrem langlebig durch patentierten Aufbau der Klebefl\u00e4che und abgeschr\u00e4gte Kanten \/ selbstklebend<\/li>\n<li>Einfache und schnelle Installation ohne Trocknungszeit und Geruchsbel\u00e4stigung<\/li>\n<li>Leicht und r\u00fcckstandslos entfernbar ohne Besch\u00e4digung des Bodens<\/li>\n<li>Gl\u00e4nzende Oberfl\u00e4che, die schmutzabweisend und leicht zu reinigen ist<\/li>\n<li>Best\u00e4ndig gegen Kehrmaschinen und Wischmaschinen<\/li>\n<li>Bestens geeignet f\u00fcr Lean- und 5S-Produktion und Lean- und 5S-Prozesse<\/li>\n<li>Beh\u00e4lt seine lebendige Farbe auch bei starker Beanspruchung<\/li>\n<li>H\u00e4lt auf fast allen festen und glatten Oberfl\u00e4chen im Innenbereich<\/li>\n<\/ul>\n","protected":false},"featured_media":20775,"comment_status":"closed","ping_status":"closed","template":"elementor_header_footer","meta":{"_acf_changed":false},"product_brand":[],"product_cat":[400,401],"product_tag":[],"class_list":{"0":"post-16552","1":"product","2":"type-product","3":"status-publish","4":"has-post-thumbnail","6":"product_cat-bodenmarkierungsband","7":"product_cat-superior-mark-bodenband","8":"pa_tape-color-bodenband-einfarbig-hellblau","9":"pa_tape-color-bodenband-durchsichtig-transparent","10":"pa_tape-color-bodenband-einfarbig-blau","11":"pa_tape-color-bodenband-einfarbig-gelb","12":"pa_tape-color-bodenband-einfarbig-goldbraun","13":"pa_tape-color-bodenband-einfarbig-grau","14":"pa_tape-color-bodenband-einfarbig-grun","15":"pa_tape-color-bodenband-einfarbig-magenta-pink","16":"pa_tape-color-bodenband-einfarbig-neon-gelb","17":"pa_tape-color-bodenband-einfarbig-neon-hellblau","18":"pa_tape-color-bodenband-einfarbig-neon-hellgrun","19":"pa_tape-color-bodenband-einfarbig-neon-orange","20":"pa_tape-color-bodenband-einfarbig-orange","21":"pa_tape-color-bodenband-einfarbig-rot","22":"pa_tape-color-bodenband-einfarbig-schwarz","23":"pa_tape-color-bodenband-einfarbig-violett","24":"pa_tape-color-bodenband-einfarbig-weis","25":"pa_tape-color-schachbrett-band-blau-weis","26":"pa_tape-color-schachbrett-band-grun-weis","27":"pa_tape-color-schachbrett-band-rot-weis","28":"pa_tape-color-schachbrett-band-schwarz-gelb","29":"pa_tape-color-schachbrett-band-schwarz-weis","30":"pa_tape-color-signalband-diagonal-blau-weis","31":"pa_tape-color-signalband-diagonal-grun-gelb","32":"pa_tape-color-signalband-diagonal-grun-weis","33":"pa_tape-color-signalband-diagonal-rot-gelb","34":"pa_tape-color-signalband-diagonal-schwarz-gelb","35":"pa_tape-color-signalband-diagonal-schwarz-grun","36":"pa_tape-color-signalband-diagonal-schwarz-orange","37":"pa_tape-color-signalband-diagonal-schwarz-rot","38":"pa_tape-color-signalband-diagonal-schwarz-weis","39":"pa_tape-color-signalband-diagonal-violett-weis","40":"pa_tape-color-signalband-diagonal-weis-gelb","41":"pa_tape-color-signalband-diagonal-weis-rot","42":"pa_tape-color-signalband-horizontal-gelb-schwarz","43":"pa_tape-color-signalband-horizontal-schwarz-weis","44":"pa_width-10-cm-de","45":"pa_width-15-cm-de","46":"pa_width-5-cm-de","48":"first","49":"instock","50":"taxable","51":"shipping-taxable","52":"purchasable","53":"product-type-variable"},"acf":[],"_links":{"self":[{"href":"https:\/\/easy-marking.com\/de\/wp-json\/wp\/v2\/product\/16552","targetHints":{"allow":["GET"]}}],"collection":[{"href":"https:\/\/easy-marking.com\/de\/wp-json\/wp\/v2\/product"}],"about":[{"href":"https:\/\/easy-marking.com\/de\/wp-json\/wp\/v2\/types\/product"}],"replies":[{"embeddable":true,"href":"https:\/\/easy-marking.com\/de\/wp-json\/wp\/v2\/comments?post=16552"}],"version-history":[{"count":0,"href":"https:\/\/easy-marking.com\/de\/wp-json\/wp\/v2\/product\/16552\/revisions"}],"wp:featuredmedia":[{"embeddable":true,"href":"https:\/\/easy-marking.com\/de\/wp-json\/wp\/v2\/media\/20775"}],"wp:attachment":[{"href":"https:\/\/easy-marking.com\/de\/wp-json\/wp\/v2\/media?parent=16552"}],"wp:term":[{"taxonomy":"product_brand","embeddable":true,"href":"https:\/\/easy-marking.com\/de\/wp-json\/wp\/v2\/product_brand?post=16552"},{"taxonomy":"product_cat","embeddable":true,"href":"https:\/\/easy-marking.com\/de\/wp-json\/wp\/v2\/product_cat?post=16552"},{"taxonomy":"product_tag","embeddable":true,"href":"https:\/\/easy-marking.com\/de\/wp-json\/wp\/v2\/product_tag?post=16552"}],"curies":[{"name":"wp","href":"https:\/\/api.w.org\/{rel}","templated":true}]}}