{"id":27879,"date":"2023-09-25T09:28:08","date_gmt":"2023-09-25T07:28:08","guid":{"rendered":"https:\/\/easy-marking.com\/impressum\/"},"modified":"2023-09-25T09:28:09","modified_gmt":"2023-09-25T07:28:09","slug":"impressum","status":"publish","type":"page","link":"https:\/\/easy-marking.com\/de\/impressum\/","title":{"rendered":"Impressum"},"content":{"rendered":"\t\t<div data-elementor-type=\"wp-page\" data-elementor-id=\"27879\" class=\"elementor elementor-27879 elementor-27344\" data-elementor-post-type=\"page\">\n\t\t\t\t\t\t<section class=\"elementor-section elementor-top-section elementor-element elementor-element-b469cb1 elementor-section-boxed elementor-section-height-default elementor-section-height-default\" data-id=\"b469cb1\" data-element_type=\"section\" data-e-type=\"section\">\n\t\t\t\t\t\t<div class=\"elementor-container elementor-column-gap-default\">\n\t\t\t\t\t<div class=\"elementor-column elementor-col-100 elementor-top-column elementor-element elementor-element-e4fd751\" data-id=\"e4fd751\" data-element_type=\"column\" data-e-type=\"column\">\n\t\t\t<div class=\"elementor-widget-wrap\">\n\t\t\t\t\t\t\t<\/div>\n\t\t<\/div>\n\t\t\t\t\t<\/div>\n\t\t<\/section>\n\t\t\t\t<section data-dce-background-image-url=\"https:\/\/easy-marking.com\/wp-content\/uploads\/Carpet-tape-EasyMarking-Superior-Mark-17.jpg\" class=\"elementor-section elementor-top-section elementor-element elementor-element-3bcae61 elementor-section-full_width elementor-section-height-min-height elementor-section-height-default elementor-section-items-middle\" data-id=\"3bcae61\" data-element_type=\"section\" data-e-type=\"section\" data-settings=\"{&quot;background_background&quot;:&quot;classic&quot;}\">\n\t\t\t\t\t\t<div class=\"elementor-container elementor-column-gap-default\">\n\t\t\t\t\t<div class=\"elementor-column elementor-col-100 elementor-top-column elementor-element elementor-element-3b73a1d6\" data-id=\"3b73a1d6\" data-element_type=\"column\" data-e-type=\"column\">\n\t\t\t<div class=\"elementor-widget-wrap elementor-element-populated\">\n\t\t\t\t\t\t<div class=\"elementor-element elementor-element-0f004b4 elementor-widget elementor-widget-shopengine-breadcrumbs\" data-id=\"0f004b4\" data-element_type=\"widget\" data-e-type=\"widget\" data-widget_type=\"shopengine-breadcrumbs.default\">\n\t\t\t\t<div class=\"elementor-widget-container\">\n\t\t\t\t\t<div class=\"shopengine shopengine-widget\"><\/div>\t\t\t\t<\/div>\n\t\t\t\t<\/div>\n\t\t\t\t\t<\/div>\n\t\t<\/div>\n\t\t\t\t\t<\/div>\n\t\t<\/section>\n\t\t\t\t<section class=\"elementor-section elementor-top-section elementor-element elementor-element-b2e91a1 elementor-section-boxed elementor-section-height-default elementor-section-height-default\" data-id=\"b2e91a1\" data-element_type=\"section\" data-e-type=\"section\">\n\t\t\t\t\t\t<div class=\"elementor-container elementor-column-gap-default\">\n\t\t\t\t\t<div data-dce-background-color=\"#FFFFFF\" class=\"elementor-column elementor-col-100 elementor-top-column elementor-element elementor-element-66b03b12\" data-id=\"66b03b12\" data-element_type=\"column\" data-e-type=\"column\" data-settings=\"{&quot;background_background&quot;:&quot;classic&quot;}\">\n\t\t\t<div class=\"elementor-widget-wrap elementor-element-populated\">\n\t\t\t\t\t\t<div class=\"elementor-element elementor-element-fe2b043 elementor-widget elementor-widget-text-editor\" data-id=\"fe2b043\" data-element_type=\"widget\" data-e-type=\"widget\" data-widget_type=\"text-editor.default\">\n\t\t\t\t<div class=\"elementor-widget-container\">\n\t\t\t\t\t\t\t\t\t<p><strong>Name:&nbsp;<\/strong>&nbsp; Easy Marking B.V.<\/p>\n<p><strong>Anschrift<\/strong>:&nbsp;<span style=\"background-color: transparent; color: var( --e-global-color-text ); font-family: var( --e-global-typography-text-font-family ), Sans-serif; font-weight: var( --e-global-typography-text-font-weight );\">&nbsp; Gildenweg 2c, 1695 GD Blokker, Niederlande<\/span><\/p>\n<p><span style=\"font-weight: bolder;\">Rechtsperson:&nbsp;<\/span>&nbsp; Besloten Vennootschap<\/p>\n<p><span style=\"font-weight: bolder;\">CEO:&nbsp;<\/span>&nbsp; Kees Vlaar<\/p>\n<p><span style=\"font-weight: bolder;\">E-Mail:&nbsp;<\/span>&nbsp;<span style=\"font-family: var( --e-global-typography-text-font-family ), Sans-serif;\"><span style=\"font-weight: var( --e-global-typography-text-font-weight ); background-color: #ffffff;\"><a href=\"mailto:online@easy-marking.com\" target=\"_blank\" rel=\"noopener\">online@easy-marking.com<\/a><\/span><\/span><\/p>\n<p><span style=\"font-weight: bolder;\">Kontakt-Formular:&nbsp;<\/span>&nbsp;<a href=\"https:\/\/easy-marking.com\/de\/kontakt\/\">https:\/\/easy-marking.com\/de\/contact\/<\/a><\/p>\n<p><span style=\"font-weight: bolder;\">Registrierungsnummer:&nbsp;<\/span>&nbsp; bei der niederl\u00e4ndischen Handelskammer 57583358<\/p>\n<p><span style=\"font-weight: bolder;\">Umsatzsteuer-ID-Nummer:&nbsp;<\/span>&nbsp; NL852643718B01<\/p>\n<p><span style=\"font-weight: bolder;\">Vollst\u00e4ndige Datenschutzrichtlinie:&nbsp;&nbsp;<\/span><a href=\"https:\/\/easy-marking.com\/de\/datenschutz-bestimmungen\/\">https:\/\/easy-marking.com\/privacy-policy\/<\/a><\/p>\n<p><span style=\"font-size: 18px; font-weight: bolder;\">Vollst\u00e4ndige Bedingungen und Konditionen:&nbsp;<\/span>&nbsp;<a href=\"https:\/\/easy-marking.com\/de\/geschaeftsbedingungen\/\">https:\/\/easy-marking.com\/terms-and-conditions\/<\/a><\/p>\n<p>Die Europ\u00e4ische Kommission bietet eine Plattform f\u00fcr die Online-Streitbeilegung an, die Sie hier finden k\u00f6nnen: <a href=\"https:\/\/ec.europa.eu\/consumers\/odr\/\" target=\"_blank\" rel=\"noopener noreferrer nofollow\">https:\/\/ec.europa.eu\/consumers\/odr\/<\/a><\/p>\n<p>Easy Marking B.V. ist weder verpflichtet noch bereit, an einem Streitbeilegungsverfahren nach dem europ\u00e4ischen ODR teilzunehmen.&nbsp;<\/p>\n<h4>&nbsp;<\/h4>\t\t\t\t\t\t\t\t<\/div>\n\t\t\t\t<\/div>\n\t\t\t\t\t<\/div>\n\t\t<\/div>\n\t\t\t\t\t<\/div>\n\t\t<\/section>\n\t\t\t\t<\/div>\n\t\t","protected":false},"excerpt":{"rendered":"<p>Name:&nbsp;&nbsp; Easy Marking B.V. Anschrift:&nbsp;&nbsp; Gildenweg 2c, 1695 GD Blokker, Niederlande Rechtsperson:&nbsp;&nbsp; Besloten Vennootschap CEO:&nbsp;&nbsp; Kees Vlaar E-Mail:&nbsp;&nbsp;online@easy-marking.com Kontakt-Formular:&nbsp;&nbsp;https:\/\/easy-marking.com\/de\/contact\/ Registrierungsnummer:&nbsp;&nbsp; bei der niederl\u00e4ndischen Handelskammer 57583358 Umsatzsteuer-ID-Nummer:&nbsp;&nbsp; NL852643718B01 Vollst\u00e4ndige Datenschutzrichtlinie:&nbsp;&nbsp;https:\/\/easy-marking.com\/privacy-policy\/ Vollst\u00e4ndige Bedingungen und Konditionen:&nbsp;&nbsp;https:\/\/easy-marking.com\/terms-and-conditions\/ Die Europ\u00e4ische Kommission bietet eine Plattform f\u00fcr die Online-Streitbeilegung an, die Sie hier finden k\u00f6nnen: https:\/\/ec.europa.eu\/consumers\/odr\/ Easy Marking B.V. ist weder verpflichtet [&hellip;]<\/p>\n","protected":false},"author":40,"featured_media":0,"parent":0,"menu_order":0,"comment_status":"closed","ping_status":"closed","template":"","meta":{"_acf_changed":false,"footnotes":""},"class_list":["post-27879","page","type-page","status-publish","hentry"],"acf":[],"_links":{"self":[{"href":"https:\/\/easy-marking.com\/de\/wp-json\/wp\/v2\/pages\/27879","targetHints":{"allow":["GET"]}}],"collection":[{"href":"https:\/\/easy-marking.com\/de\/wp-json\/wp\/v2\/pages"}],"about":[{"href":"https:\/\/easy-marking.com\/de\/wp-json\/wp\/v2\/types\/page"}],"author":[{"embeddable":true,"href":"https:\/\/easy-marking.com\/de\/wp-json\/wp\/v2\/users\/40"}],"replies":[{"embeddable":true,"href":"https:\/\/easy-marking.com\/de\/wp-json\/wp\/v2\/comments?post=27879"}],"version-history":[{"count":0,"href":"https:\/\/easy-marking.com\/de\/wp-json\/wp\/v2\/pages\/27879\/revisions"}],"wp:attachment":[{"href":"https:\/\/easy-marking.com\/de\/wp-json\/wp\/v2\/media?parent=27879"}],"curies":[{"name":"wp","href":"https:\/\/api.w.org\/{rel}","templated":true}]}}