{"id":27363,"date":"2023-08-08T21:37:24","date_gmt":"2023-08-08T19:37:24","guid":{"rendered":"https:\/\/easy-marking.com\/sitemap\/"},"modified":"2023-08-08T21:37:24","modified_gmt":"2023-08-08T19:37:24","slug":"sitemap","status":"publish","type":"page","link":"https:\/\/easy-marking.com\/de\/sitemap\/","title":{"rendered":"Sitemap"},"content":{"rendered":"\t\t<div data-elementor-type=\"wp-page\" data-elementor-id=\"27363\" class=\"elementor elementor-27363 elementor-26671\" data-elementor-post-type=\"page\">\n\t\t\t\t\t\t<section data-dce-background-image-url=\"https:\/\/easy-marking.com\/wp-content\/uploads\/2021\/05\/Industrial-flooring-tape-EasyMarking-Superior-Mark-46.jpg\" class=\"elementor-section elementor-top-section elementor-element elementor-element-21bc5b94 elementor-section-full_width elementor-section-height-min-height elementor-section-height-default elementor-section-items-middle\" data-id=\"21bc5b94\" data-element_type=\"section\" data-e-type=\"section\" data-settings=\"{&quot;background_background&quot;:&quot;classic&quot;}\">\n\t\t\t\t\t\t\t<div class=\"elementor-background-overlay\"><\/div>\n\t\t\t\t\t\t\t<div class=\"elementor-container elementor-column-gap-default\">\n\t\t\t\t\t<div class=\"elementor-column elementor-col-100 elementor-top-column elementor-element elementor-element-29b1342b\" data-id=\"29b1342b\" data-element_type=\"column\" data-e-type=\"column\">\n\t\t\t<div class=\"elementor-widget-wrap elementor-element-populated\">\n\t\t\t\t\t\t<div class=\"elementor-element elementor-element-4ae21566 elementor-widget elementor-widget-shopengine-breadcrumbs\" data-id=\"4ae21566\" data-element_type=\"widget\" data-e-type=\"widget\" data-widget_type=\"shopengine-breadcrumbs.default\">\n\t\t\t\t<div class=\"elementor-widget-container\">\n\t\t\t\t\t<div class=\"shopengine shopengine-widget\"><\/div>\t\t\t\t<\/div>\n\t\t\t\t<\/div>\n\t\t\t\t\t<\/div>\n\t\t<\/div>\n\t\t\t\t\t<\/div>\n\t\t<\/section>\n\t\t\t\t<section class=\"elementor-section elementor-top-section elementor-element elementor-element-773c972e elementor-section-boxed elementor-section-height-default elementor-section-height-default\" data-id=\"773c972e\" data-element_type=\"section\" data-e-type=\"section\">\n\t\t\t\t\t\t<div class=\"elementor-container elementor-column-gap-default\">\n\t\t\t\t\t<div data-dce-background-color=\"#FFFFFF\" class=\"elementor-column elementor-col-100 elementor-top-column elementor-element elementor-element-595e8c\" data-id=\"595e8c\" data-element_type=\"column\" data-e-type=\"column\" data-settings=\"{&quot;background_background&quot;:&quot;classic&quot;}\">\n\t\t\t<div class=\"elementor-widget-wrap elementor-element-populated\">\n\t\t\t\t\t\t<div class=\"elementor-element elementor-element-4a6a699 elementor-widget elementor-widget-sitemap\" data-id=\"4a6a699\" data-element_type=\"widget\" data-e-type=\"widget\" data-widget_type=\"sitemap.default\">\n\t\t\t\t<div class=\"elementor-widget-container\">\n\t\t\t\t\t<div class=\"elementor-sitemap-wrap\"><div class=\"elementor-sitemap-section\"><h2 class=\"elementor-sitemap-title elementor-sitemap-page-title\">Pages<\/h2><ul class=\"elementor-sitemap-list elementor-sitemap-page-list\"><li class=\"elementor-sitemap-item elementor-sitemap-item-page page_item page-item-24982\"><a href=\"https:\/\/easy-marking.com\/de\/datenschutz-bestimmungen\/\">Datenschutz-Bestimmungen<\/a><\/li><li class=\"elementor-sitemap-item elementor-sitemap-item-page page_item page-item-24128\"><a href=\"https:\/\/easy-marking.com\/de\/zusammenfassung-des-einkaufes\/\">Einkaufs\u00fcbersicht\ufffc<\/a><\/li><li class=\"elementor-sitemap-item elementor-sitemap-item-page page_item page-item-11746\"><a href=\"https:\/\/easy-marking.com\/de\/einkaufswagen\/\">Einkaufswagen<\/a><\/li><li class=\"elementor-sitemap-item elementor-sitemap-item-page page_item page-item-27441\"><a href=\"https:\/\/easy-marking.com\/de\/faq\/\">FAQ<\/a><\/li><li class=\"elementor-sitemap-item elementor-sitemap-item-page page_item page-item-24132\"><a href=\"https:\/\/easy-marking.com\/de\/fordern-sie-ein-angebot-an\/\">Fordern Sie ein Angebot an<\/a><\/li><li class=\"elementor-sitemap-item elementor-sitemap-item-page page_item page-item-24115\"><a href=\"https:\/\/easy-marking.com\/de\/geschaeftsbedingungen\/\">Gesch\u00e4ftsbedingungen<\/a><\/li><li class=\"elementor-sitemap-item elementor-sitemap-item-page page_item page-item-27879\"><a href=\"https:\/\/easy-marking.com\/de\/impressum\/\">Impressum<\/a><\/li><li class=\"elementor-sitemap-item elementor-sitemap-item-page page_item page-item-26615\"><a href=\"https:\/\/easy-marking.com\/de\/individuelle-klebeschilder-fuer-den-boden\/\">individuelle Klebeschilder f\u00fcr den Boden<\/a><\/li><li class=\"elementor-sitemap-item elementor-sitemap-item-page page_item page-item-24986\"><a href=\"https:\/\/easy-marking.com\/de\/\">Industrielles Markierungsband<\/a><\/li><li class=\"elementor-sitemap-item elementor-sitemap-item-page page_item page-item-11747\"><a href=\"https:\/\/easy-marking.com\/de\/zur-kasse\/\">Kasse<\/a><\/li><li class=\"elementor-sitemap-item elementor-sitemap-item-page page_item page-item-24113\"><a href=\"https:\/\/easy-marking.com\/de\/kontakt\/\">Kontakt<\/a><\/li><li class=\"elementor-sitemap-item elementor-sitemap-item-page page_item page-item-24134\"><a href=\"https:\/\/easy-marking.com\/de\/kundenportal\/\">Kundenportal<\/a><\/li><li class=\"elementor-sitemap-item elementor-sitemap-item-page page_item page-item-11748\"><a href=\"https:\/\/easy-marking.com\/de\/mein-account\/\">Mein Konto<\/a><\/li><li class=\"elementor-sitemap-item elementor-sitemap-item-page page_item page-item-24984\"><a href=\"https:\/\/easy-marking.com\/de\/musterbox\/\">Musterbox<\/a><\/li><li class=\"elementor-sitemap-item elementor-sitemap-item-page page_item page-item-11745\"><a href=\"https:\/\/easy-marking.com\/de\/shop-2\/\">Shop<\/a><\/li><li class=\"elementor-sitemap-item elementor-sitemap-item-page page_item page-item-27363\"><a href=\"https:\/\/easy-marking.com\/de\/sitemap\/\">Sitemap<\/a><\/li><li class=\"elementor-sitemap-item elementor-sitemap-item-page page_item page-item-24124\"><a href=\"https:\/\/easy-marking.com\/de\/ueber-uns\/\">\u00dcber uns<\/a><\/li><li class=\"elementor-sitemap-item elementor-sitemap-item-page page_item page-item-27437\"><a href=\"https:\/\/easy-marking.com\/de\/versandpolitik\/\">Versandpolitik<\/a><\/li><li class=\"elementor-sitemap-item elementor-sitemap-item-page page_item page-item-27301\"><a href=\"https:\/\/easy-marking.com\/de\/weltweite-lieferung\/\">Weltweite Lieferung<\/a><\/li><\/ul><\/div><div class=\"elementor-sitemap-section\"><h2 class=\"elementor-sitemap-title elementor-sitemap-product-title\">Products<\/h2><ul class=\"elementor-sitemap-list elementor-sitemap-product-list\"><li class=\"elementor-sitemap-item elementor-sitemap-item-product page_item page-item-16648\"><a href=\"https:\/\/easy-marking.com\/de\/produkt\/aerosolbehalter-pvc-lang-mit-rad\/\">Aerosolbeh\u00e4lter PVC lang mit Rad<\/a><\/li><li class=\"elementor-sitemap-item elementor-sitemap-item-product page_item page-item-17476\"><a href=\"https:\/\/easy-marking.com\/de\/produkt\/boden-schild-aed-45cm\/\">Bodenschild &#8211; AED 45cm<\/a><\/li><li class=\"elementor-sitemap-item elementor-sitemap-item-product page_item page-item-17480\"><a href=\"https:\/\/easy-marking.com\/de\/produkt\/boden-schild-augen-schutz-bereich-blau-45cm\/\">Bodenschild &#8211; Augenschutzbereich blau 45cm<\/a><\/li><li class=\"elementor-sitemap-item elementor-sitemap-item-product page_item page-item-18717\"><a href=\"https:\/\/easy-marking.com\/de\/produkt\/boden-schild-betreten-verboten-45cm\/\">Bodenschild &#8211; Betreten verboten 45cm<\/a><\/li><li class=\"elementor-sitemap-item elementor-sitemap-item-product page_item page-item-17486\"><a href=\"https:\/\/easy-marking.com\/de\/produkt\/bodenschild-betreten-verboten-45cm-mit-mann\/\">Bodenschild &#8211; Betreten verboten 45cm mit Mann<\/a><\/li><li class=\"elementor-sitemap-item elementor-sitemap-item-product page_item page-item-17310\"><a href=\"https:\/\/easy-marking.com\/de\/produkt\/boden-schild-erste-hilfe-kasten-45cm\/\">Bodenschild &#8211; Erste-Hilfe-Kasten 45cm<\/a><\/li><li class=\"elementor-sitemap-item elementor-sitemap-item-product page_item page-item-17490\"><a href=\"https:\/\/easy-marking.com\/de\/produkt\/boden-schild-fertigware-45cm\/\">Bodenschild &#8211; Fertigware 45cm<\/a><\/li><li class=\"elementor-sitemap-item elementor-sitemap-item-product page_item page-item-17296\"><a href=\"https:\/\/easy-marking.com\/de\/produkt\/boden-schild-fussgaenger-verboten-45cm\/\">Bodenschild &#8211; Fu\u00dfg\u00e4nger verboten 45cm<\/a><\/li><li class=\"elementor-sitemap-item elementor-sitemap-item-product page_item page-item-17294\"><a href=\"https:\/\/easy-marking.com\/de\/produkt\/boden-schild-gabelstapler-verboten-45cm\/\">Bodenschild &#8211; Gabelstapler verboten 45cm<\/a><\/li><li class=\"elementor-sitemap-item elementor-sitemap-item-product page_item page-item-17314\"><a href=\"https:\/\/easy-marking.com\/de\/produkt\/boden-schild-gehoerschutz-erforderlich-45cm\/\">Bodenschild &#8211; Geh\u00f6rschutz erforderlich 45cm<\/a><\/li><li class=\"elementor-sitemap-item elementor-sitemap-item-product page_item page-item-17494\"><a href=\"https:\/\/easy-marking.com\/de\/produkt\/boden-schild-grun-fusgaenger-45cm\/\">Bodenschild &#8211; Gr\u00fcner Fu\u00dfg\u00e4nger 45cm<\/a><\/li><li class=\"elementor-sitemap-item elementor-sitemap-item-product page_item page-item-17302\"><a href=\"https:\/\/easy-marking.com\/de\/produkt\/boden-schild-kein-essen-keine-getraenke-45cm\/\">Bodenschild &#8211; Kein Essen, keine Getr\u00e4nke 45cm<\/a><\/li><li class=\"elementor-sitemap-item elementor-sitemap-item-product page_item page-item-17474\"><a href=\"https:\/\/easy-marking.com\/de\/produkt\/boden-schild-mulleimer-englisch-spanisch-45cm\/\">Bodenschild &#8211; M\u00fclleimer Englisch\/Spanisch 45cm<\/a><\/li><li class=\"elementor-sitemap-item elementor-sitemap-item-product page_item page-item-17488\"><a href=\"https:\/\/easy-marking.com\/de\/produkt\/boden-schild-notdusche-augendusche-45cm\/\">Bodenschild &#8211; Notdusche und Augendusche 45cm<\/a><\/li><li class=\"elementor-sitemap-item elementor-sitemap-item-product page_item page-item-17478\"><a href=\"https:\/\/easy-marking.com\/de\/produkt\/boden-schild-nur-autorisiertes-personal-45cm\/\">Bodenschild &#8211; Nur autorisiertes Personal 45 cm<\/a><\/li><li class=\"elementor-sitemap-item elementor-sitemap-item-product page_item page-item-17472\"><a href=\"https:\/\/easy-marking.com\/de\/produkt\/boden-schild-nur-autorisiertes-personal-blau-45cm\/\">Bodenschild &#8211; Nur autorisiertes Personal blau 45cm<\/a><\/li><li class=\"elementor-sitemap-item elementor-sitemap-item-product page_item page-item-26531\"><a href=\"https:\/\/easy-marking.com\/de\/produkt\/bodenschild-palettenheber-parkplatzaufkleber-45cm\/\">Bodenschild &#8211; Palettenheber Parkplatz Aufkleber 45cm<\/a><\/li><li class=\"elementor-sitemap-item elementor-sitemap-item-product page_item page-item-17466\"><a href=\"https:\/\/easy-marking.com\/de\/produkt\/boden-schild-psa-erforderlich-45cm\/\">Bodenschild &#8211; PSA erforderlich 45cm<\/a><\/li><li class=\"elementor-sitemap-item elementor-sitemap-item-product page_item page-item-17292\"><a href=\"https:\/\/easy-marking.com\/de\/produkt\/boden-schild-rauchen-verboten-45cm\/\">Bodenschild &#8211; Rauchen verboten 45cm<\/a><\/li><li class=\"elementor-sitemap-item elementor-sitemap-item-product page_item page-item-17484\"><a href=\"https:\/\/easy-marking.com\/de\/produkt\/boden-schild-richtungs-pfeil-blau-45cm\/\">Bodenschild &#8211; Richtungspfeil blau 45cm<\/a><\/li><li class=\"elementor-sitemap-item elementor-sitemap-item-product page_item page-item-17300\"><a href=\"https:\/\/easy-marking.com\/de\/produkt\/boden-schild-rutschig-bei-naesse-45cm\/\">Bodenschild &#8211; Rutschig bei N\u00e4sse 45cm<\/a><\/li><li class=\"elementor-sitemap-item elementor-sitemap-item-product page_item page-item-17312\"><a href=\"https:\/\/easy-marking.com\/de\/produkt\/boden-schild-schutzbrille-erforderlich-45cm\/\">Bodenschild &#8211; Schutzbrille erforderlich 45cm<\/a><\/li><li class=\"elementor-sitemap-item elementor-sitemap-item-product page_item page-item-17470\"><a href=\"https:\/\/easy-marking.com\/de\/produkt\/boden-schild-stahlkappenschuhe-45cm\/\">Bodenschild &#8211; Stahlkappenschuhe 45cm<\/a><\/li><li class=\"elementor-sitemap-item elementor-sitemap-item-product page_item page-item-17304\"><a href=\"https:\/\/easy-marking.com\/de\/produkt\/boden-schild-stop-45cm\/\">Bodenschild &#8211; Stop 45cm<\/a><\/li><li class=\"elementor-sitemap-item elementor-sitemap-item-product page_item page-item-17482\"><a href=\"https:\/\/easy-marking.com\/de\/produkt\/boden-schild-vorsicht-auf-gabelstapler-achten-45cm\/\">Bodenschild &#8211; Vorsicht auf Gabelstapler achten 45cm<\/a><\/li><li class=\"elementor-sitemap-item elementor-sitemap-item-product page_item page-item-17308\"><a href=\"https:\/\/easy-marking.com\/de\/produkt\/boden-schild-warenausgang-45cm\/\">Bodenschild &#8211; Warenausgang 45cm<\/a><\/li><li class=\"elementor-sitemap-item elementor-sitemap-item-product page_item page-item-17306\"><a href=\"https:\/\/easy-marking.com\/de\/produkt\/boden-schild-wareneingang-45cm\/\">Bodenschild &#8211; Wareneingang 45cm<\/a><\/li><li class=\"elementor-sitemap-item elementor-sitemap-item-product page_item page-item-17468\"><a href=\"https:\/\/easy-marking.com\/de\/produkt\/boden-schild-schutzbrille-und-ohrstoepsel-erforderlich-45cm\/\">Bodenschild \u2013 Schutzbrille und Ohrst\u00f6psel erforderlich 45 cm<\/a><\/li><li class=\"elementor-sitemap-item elementor-sitemap-item-product page_item page-item-26653\"><a href=\"https:\/\/easy-marking.com\/produkt\/design-your-own-floor-marking-symbol-stickers\/\">Design your own floor marking symbol stickers<\/a><\/li><li class=\"elementor-sitemap-item elementor-sitemap-item-product page_item page-item-27965\"><a href=\"https:\/\/easy-marking.com\/de\/produkt\/evacuation-assembly-point-e007-floor-sign\/\">Evacuation assembly point E007 &#8211; Floor Sign<\/a><\/li><li class=\"elementor-sitemap-item elementor-sitemap-item-product page_item page-item-16528\"><a href=\"https:\/\/easy-marking.com\/de\/produkt\/kundenspezifische-bodenschilder-bodenband\/\">Kundenspezifische Bodenschilder &#038; Bodenband<\/a><\/li><li class=\"elementor-sitemap-item elementor-sitemap-item-product page_item page-item-18780\"><a href=\"https:\/\/easy-marking.com\/de\/produkt\/mercalin-striper-2-2\/\">Mercalin Striper<\/a><\/li><li class=\"elementor-sitemap-item elementor-sitemap-item-product page_item page-item-16659\"><a href=\"https:\/\/easy-marking.com\/de\/produkt\/mercalin-striper-pro-professionell\/\">Mercalin Striper PRO (professionell)<\/a><\/li><li class=\"elementor-sitemap-item elementor-sitemap-item-product page_item page-item-16657\"><a href=\"https:\/\/easy-marking.com\/de\/produkt\/mercalin-ts-temporare-markierungs-spruhfarbe\/\">Mercalin TS &#8211; Tempor\u00e4re Spr\u00fchfarbe<\/a><\/li><li class=\"elementor-sitemap-item elementor-sitemap-item-product page_item page-item-16652\"><a href=\"https:\/\/easy-marking.com\/de\/produkt\/mercalin-asphalt-marker\/\">Mercalin\u00ae Asphalt Marker &#8211; 12er Pack<\/a><\/li><li class=\"elementor-sitemap-item elementor-sitemap-item-product page_item page-item-16646\"><a href=\"https:\/\/easy-marking.com\/de\/produkt\/mercalin-kadeem-aerosol-airspray-behalter-kurz-pistole-pvc\/\">Mercalin\u00ae\/Kadeem Aerosol Airspray Beh\u00e4lter kurze Pistole &#8211; PVC<\/a><\/li><li class=\"elementor-sitemap-item elementor-sitemap-item-product page_item page-item-17492\"><a href=\"https:\/\/easy-marking.com\/de\/produkt\/notausgang-boden-aufkleber\/\">Notausgangsschild &#8211; Bodenaufkleber<\/a><\/li><li class=\"elementor-sitemap-item elementor-sitemap-item-product page_item page-item-16566\"><a href=\"https:\/\/easy-marking.com\/de\/produkt\/superior-mark-punkt-marker\/\">Superior Mark Markierungspunkte<\/a><\/li><li class=\"elementor-sitemap-item elementor-sitemap-item-product page_item page-item-26352\"><a href=\"https:\/\/easy-marking.com\/de\/produkt\/superior-mark-pfeil-marker\/\">Superior Mark Pfeilmarkierung Bodenaufkleber<\/a><\/li><li class=\"elementor-sitemap-item elementor-sitemap-item-product page_item page-item-16570\"><a href=\"https:\/\/easy-marking.com\/de\/produkt\/superior-mark-t-marker\/\">Superior Mark T-Marker<\/a><\/li><li class=\"elementor-sitemap-item elementor-sitemap-item-product page_item page-item-16572\"><a href=\"https:\/\/easy-marking.com\/de\/produkt\/superior-mark-x-marker\/\">Superior Mark X-Marker<\/a><\/li><li class=\"elementor-sitemap-item elementor-sitemap-item-product page_item page-item-16552\"><a href=\"https:\/\/easy-marking.com\/de\/produkt\/bodenmarkierungsband-fuer-boden-markierungen\/\">Superior Mark\u00ae Bodenmarkierungsband | Klebeband zur Bodenmarkierung<\/a><\/li><li class=\"elementor-sitemap-item elementor-sitemap-item-product page_item page-item-27150\"><a href=\"https:\/\/easy-marking.com\/de\/produkt\/superior-mark-bodenzeichen-caution-pit-forklift-50cm-5-teile\/\">Superior Mark\u00ae Bodenzeichen &#8211; Caution PIT\/Forklift 50cm (5 Teile)<\/a><\/li><li class=\"elementor-sitemap-item elementor-sitemap-item-product page_item page-item-27145\"><a href=\"https:\/\/easy-marking.com\/de\/produkt\/superior-mark-bodenzeichen-neu-pedestrian-walkway\/\">Superior Mark\u00ae Bodenzeichen &#8211; Pedestrian Walkway 50cm (5 Teile)<\/a><\/li><li class=\"elementor-sitemap-item elementor-sitemap-item-product page_item page-item-16568\"><a href=\"https:\/\/easy-marking.com\/de\/produkt\/superior-mark-fussabdruck-bodenmarkierung-aufkleber\/\">Superior Mark\u00ae Fu\u00dfabdr\u00fccke Bodenmarkierungsaufkleber<\/a><\/li><li class=\"elementor-sitemap-item elementor-sitemap-item-product page_item page-item-16562\"><a href=\"https:\/\/easy-marking.com\/de\/produkt\/superior-mark-l-marker\/\">Superior Mark\u00ae L-Marker<\/a><\/li><li class=\"elementor-sitemap-item elementor-sitemap-item-product page_item page-item-16560\"><a href=\"https:\/\/easy-marking.com\/de\/produkt\/superior-mark-kuehllager-band\/\">Superior Mark\u00ae Mark K\u00fchllager Band | Markierungsband f\u00fcr K\u00fchlh\u00e4user<\/a><\/li><li class=\"elementor-sitemap-item elementor-sitemap-item-product page_item page-item-16556\"><a href=\"https:\/\/easy-marking.com\/de\/produkt\/superior-mark-klettverschluss-teppich-band-fuer-teppich\/\">Superior Mark\u00ae Teppichband | Markierungsband mit Klettband f\u00fcr Teppiche<\/a><\/li><\/ul><\/div><\/div>\t\t\t\t<\/div>\n\t\t\t\t<\/div>\n\t\t\t\t\t<\/div>\n\t\t<\/div>\n\t\t\t\t\t<\/div>\n\t\t<\/section>\n\t\t\t\t<\/div>\n\t\t","protected":false},"excerpt":{"rendered":"<p>Home<\/p>\n","protected":false},"author":3,"featured_media":0,"parent":0,"menu_order":0,"comment_status":"closed","ping_status":"closed","template":"","meta":{"_acf_changed":false,"footnotes":""},"class_list":["post-27363","page","type-page","status-publish","hentry"],"acf":[],"_links":{"self":[{"href":"https:\/\/easy-marking.com\/de\/wp-json\/wp\/v2\/pages\/27363","targetHints":{"allow":["GET"]}}],"collection":[{"href":"https:\/\/easy-marking.com\/de\/wp-json\/wp\/v2\/pages"}],"about":[{"href":"https:\/\/easy-marking.com\/de\/wp-json\/wp\/v2\/types\/page"}],"author":[{"embeddable":true,"href":"https:\/\/easy-marking.com\/de\/wp-json\/wp\/v2\/users\/3"}],"replies":[{"embeddable":true,"href":"https:\/\/easy-marking.com\/de\/wp-json\/wp\/v2\/comments?post=27363"}],"version-history":[{"count":0,"href":"https:\/\/easy-marking.com\/de\/wp-json\/wp\/v2\/pages\/27363\/revisions"}],"wp:attachment":[{"href":"https:\/\/easy-marking.com\/de\/wp-json\/wp\/v2\/media?parent=27363"}],"curies":[{"name":"wp","href":"https:\/\/api.w.org\/{rel}","templated":true}]}}