{"id":26615,"date":"2022-05-04T13:00:29","date_gmt":"2022-05-04T11:00:29","guid":{"rendered":"https:\/\/easy-marking.com\/individuelle-klebeschilder-fuer-den-boden\/"},"modified":"2022-05-04T13:00:30","modified_gmt":"2022-05-04T11:00:30","slug":"individuelle-klebeschilder-fuer-den-boden","status":"publish","type":"page","link":"https:\/\/easy-marking.com\/de\/individuelle-klebeschilder-fuer-den-boden\/","title":{"rendered":"individuelle Klebeschilder f\u00fcr den Boden"},"content":{"rendered":"\t\t<div data-elementor-type=\"wp-page\" data-elementor-id=\"26615\" class=\"elementor elementor-26615 elementor-25839\" data-elementor-post-type=\"page\">\n\t\t\t\t\t\t<section data-dce-background-color=\"#0C4C7B\" class=\"elementor-section elementor-top-section elementor-element elementor-element-3c9f89e8 elementor-section-content-middle elementor-section-boxed elementor-section-height-default elementor-section-height-default\" data-id=\"3c9f89e8\" data-element_type=\"section\" data-e-type=\"section\" data-settings=\"{&quot;background_background&quot;:&quot;gradient&quot;}\">\n\t\t\t\t\t\t<div class=\"elementor-container elementor-column-gap-default\">\n\t\t\t\t\t<div class=\"elementor-column elementor-col-66 elementor-top-column elementor-element elementor-element-390da993\" data-id=\"390da993\" data-element_type=\"column\" data-e-type=\"column\">\n\t\t\t<div class=\"elementor-widget-wrap elementor-element-populated\">\n\t\t\t\t\t\t<div class=\"elementor-element elementor-element-55541f75 elementor-widget__width-initial elementor-widget elementor-widget-heading\" data-id=\"55541f75\" data-element_type=\"widget\" data-e-type=\"widget\" data-widget_type=\"heading.default\">\n\t\t\t\t<div class=\"elementor-widget-container\">\n\t\t\t\t\t<h1 class=\"elementor-heading-title elementor-size-default\">ERSTELLEN SIE IHRE EIGENEN INDIVIDUELLEN BODENSCHILDER!<\/h1>\t\t\t\t<\/div>\n\t\t\t\t<\/div>\n\t\t\t\t<div class=\"elementor-element elementor-element-1451391 elementor-widget elementor-widget-text-editor\" data-id=\"1451391\" data-element_type=\"widget\" data-e-type=\"widget\" data-widget_type=\"text-editor.default\">\n\t\t\t\t<div class=\"elementor-widget-container\">\n\t\t\t\t\t\t\t\t\t<p>Unsere Sammlung von Bodenschildern\/Bodenaufklebern umfasst mehr als nur vorgedruckte Botschaften: Unsere kundenspezifischen Bodenaufkleber k\u00f6nnen in jeder Farbe und jedem Design hergestellt werden. F\u00fcgen Sie Unternehmensgrafiken und -logos hinzu oder erstellen Sie sicherheitsprozess- oder einrichtungsspezifische Nachrichten.<\/p><h2>INDIVIDUELLE BODENSCHILDER, OHNE ZUS\u00c4TZLICHE KOSTEN!<\/h2><p>Gerne fertigen wir f\u00fcr Sie individuelle Bodenschilder\/Bodenaufkleber an, ohne Aufpreis! F\u00fcllen Sie das untenstehende Formular aus und wir senden Ihnen ein Angebot zu, um mit der Produktion Ihrer eigenen individuellen Bodenschildern zu beginnen!<\/p>\t\t\t\t\t\t\t\t<\/div>\n\t\t\t\t<\/div>\n\t\t\t\t<div data-dce-field-description=\"{&quot;fields&quot;:[{&quot;custom_id&quot;:&quot;fileupload&quot;,&quot;position&quot;:&quot;elementor-field&quot;,&quot;description&quot;:&quot;If you have a design. Upload it here.&quot;,&quot;description_text&quot;:&quot;If you have a design. Upload it here.&quot;}]}\" class=\"elementor-element elementor-element-2194866b elementor-button-align-stretch elementor-widget elementor-widget-form\" data-id=\"2194866b\" data-element_type=\"widget\" data-e-type=\"widget\" data-settings=\"{&quot;step_next_label&quot;:&quot;N\\u00e4chste&quot;,&quot;step_previous_label&quot;:&quot;Vorherige&quot;,&quot;button_width_tablet&quot;:&quot;100&quot;,&quot;button_width&quot;:&quot;100&quot;,&quot;dce_confirm_dialog_enabled&quot;:&quot;no&quot;,&quot;step_type&quot;:&quot;number_text&quot;,&quot;step_icon_shape&quot;:&quot;circle&quot;,&quot;label_icon_size&quot;:{&quot;unit&quot;:&quot;px&quot;,&quot;size&quot;:&quot;&quot;,&quot;sizes&quot;:[]},&quot;field_icon_size&quot;:{&quot;unit&quot;:&quot;px&quot;,&quot;size&quot;:&quot;&quot;,&quot;sizes&quot;:[]}}\" data-widget_type=\"form.default\">\n\t\t\t\t<div class=\"elementor-widget-container\">\n\t\t\t\t\t\t\t<form class=\"elementor-form\" method=\"post\" id=\"customtape_form\" name=\"Musterbox Formular\" aria-label=\"Musterbox Formular\">\n\t\t\t<input type=\"hidden\" name=\"post_id\" value=\"26615\"\/>\n\t\t\t<input type=\"hidden\" name=\"form_id\" value=\"2194866b\"\/>\n\t\t\t<input type=\"hidden\" name=\"referer_title\" value=\"Kundenspezifische Bodenschilder \/ Bodenaufkleber ohne Aufpreis!\" \/>\n\n\t\t\t\t\t\t\t<input type=\"hidden\" name=\"queried_id\" value=\"26615\"\/>\n\t\t\t\n\t\t\t<div data-autocomplete-fields=\"[{&quot;id&quot;:&quot;address&quot;}]\" class=\"elementor-form-fields-wrapper elementor-labels-\">\n\t\t\t\t\t\t\t\t<div class=\"elementor-field-type-text elementor-field-group elementor-column elementor-field-group-firstname elementor-col-50 elementor-md-50 elementor-field-required\">\n\t\t\t\t\t\t\t\t\t\t\t\t<label for=\"form-field-firstname\" class=\"elementor-field-label elementor-screen-only\">\n\t\t\t\t\t\t\t\tVorname\t\t\t\t\t\t\t<\/label>\n\t\t\t\t\t\t\t\t\t\t\t\t\t\t<input size=\"1\" type=\"text\" name=\"form_fields[firstname]\" id=\"form-field-firstname\" class=\"elementor-field elementor-size-lg  elementor-field-textual\" placeholder=\"Vorname\" required=\"required\">\n\t\t\t\t\t\t\t\t\t\t\t<\/div>\n\t\t\t\t\t\t\t\t<div class=\"elementor-field-type-text elementor-field-group elementor-column elementor-field-group-lastname elementor-col-50 elementor-md-50 elementor-field-required\">\n\t\t\t\t\t\t\t\t\t\t\t\t<label for=\"form-field-lastname\" class=\"elementor-field-label elementor-screen-only\">\n\t\t\t\t\t\t\t\tNachname\t\t\t\t\t\t\t<\/label>\n\t\t\t\t\t\t\t\t\t\t\t\t\t\t<input size=\"1\" type=\"text\" name=\"form_fields[lastname]\" id=\"form-field-lastname\" class=\"elementor-field elementor-size-lg  elementor-field-textual\" placeholder=\"Nachname\" required=\"required\">\n\t\t\t\t\t\t\t\t\t\t\t<\/div>\n\t\t\t\t\t\t\t\t<div class=\"elementor-field-type-email elementor-field-group elementor-column elementor-field-group-email elementor-col-50 elementor-md-50 elementor-field-required\">\n\t\t\t\t\t\t\t\t\t\t\t\t<label for=\"form-field-email\" class=\"elementor-field-label elementor-screen-only\">\n\t\t\t\t\t\t\t\tEmail-Adresse\t\t\t\t\t\t\t<\/label>\n\t\t\t\t\t\t\t\t\t\t\t\t\t\t<input size=\"1\" type=\"email\" name=\"form_fields[email]\" id=\"form-field-email\" class=\"elementor-field elementor-size-lg  elementor-field-textual\" placeholder=\"Email-Adresse\" required=\"required\">\n\t\t\t\t\t\t\t\t\t\t\t<\/div>\n\t\t\t\t\t\t\t\t<div class=\"elementor-field-type-tel elementor-field-group elementor-column elementor-field-group-phone elementor-col-50 elementor-md-50 elementor-field-required\">\n\t\t\t\t\t\t\t\t\t\t\t\t<label for=\"form-field-phone\" class=\"elementor-field-label elementor-screen-only\">\n\t\t\t\t\t\t\t\tTelefonnummer\t\t\t\t\t\t\t<\/label>\n\t\t\t\t\t\t\t\t<input size=\"1\" type=\"tel\" name=\"form_fields[phone]\" id=\"form-field-phone\" class=\"elementor-field elementor-size-lg  elementor-field-textual\" placeholder=\"Telefonnummer\" required=\"required\" pattern=\"[0-9()#&amp;+*-=.]+\" title=\"Nur Nummern oder Telefon-Zeichen (#, -, *, etc) werden akzeptiert.\">\n\n\t\t\t\t\t\t<\/div>\n\t\t\t\t\t\t\t\t<div class=\"elementor-field-type-text elementor-field-group elementor-column elementor-field-group-company elementor-col-50 elementor-md-50 elementor-field-required\">\n\t\t\t\t\t\t\t\t\t\t\t\t<label for=\"form-field-company\" class=\"elementor-field-label elementor-screen-only\">\n\t\t\t\t\t\t\t\tUnternehmen\t\t\t\t\t\t\t<\/label>\n\t\t\t\t\t\t\t\t\t\t\t\t\t\t<input size=\"1\" type=\"text\" name=\"form_fields[company]\" id=\"form-field-company\" class=\"elementor-field elementor-size-lg  elementor-field-textual\" placeholder=\"Unternehmen\" required=\"required\">\n\t\t\t\t\t\t\t\t\t\t\t<\/div>\n\t\t\t\t\t\t\t\t<div class=\"elementor-field-type-text elementor-field-group elementor-column elementor-field-group-address elementor-col-50 elementor-md-50 elementor-field-required\">\n\t\t\t\t\t\t\t\t\t\t\t\t<label for=\"form-field-address\" class=\"elementor-field-label elementor-screen-only\">\n\t\t\t\t\t\t\t\tAdresse\t\t\t\t\t\t\t<\/label>\n\t\t\t\t\t\t\t\t\t\t\t\t\t\t<input size=\"1\" type=\"text\" name=\"form_fields[address]\" id=\"form-field-address\" class=\"elementor-field elementor-size-lg  elementor-field-textual\" placeholder=\"Adresse\" required=\"required\">\n\t\t\t\t\t\t\t\t\t\t\t<\/div>\n\t\t\t\t\t\t\t\t<div class=\"elementor-field-type-text elementor-field-group elementor-column elementor-field-group-tapemessage elementor-col-50\">\n\t\t\t\t\t\t\t\t\t\t\t\t<label for=\"form-field-tapemessage\" class=\"elementor-field-label elementor-screen-only\">\n\t\t\t\t\t\t\t\tText auf dem Bodenaufkleber\t\t\t\t\t\t\t<\/label>\n\t\t\t\t\t\t\t\t\t\t\t\t\t\t<input size=\"1\" type=\"text\" name=\"form_fields[tapemessage]\" id=\"form-field-tapemessage\" class=\"elementor-field elementor-size-lg  elementor-field-textual\" placeholder=\"Text auf dem Bodenaufkleber\">\n\t\t\t\t\t\t\t\t\t\t\t<\/div>\n\t\t\t\t\t\t\t\t<div class=\"elementor-field-type-upload elementor-field-group elementor-column elementor-field-group-fileupload elementor-col-50\">\n\t\t\t\t\t\t\t\t\t\t\t\t<label for=\"form-field-fileupload\" class=\"elementor-field-label elementor-screen-only\">\n\t\t\t\t\t\t\t\tDatei-Upload\t\t\t\t\t\t\t<\/label>\n\t\t\t\t\t\t\t\t<input type=\"file\" name=\"form_fields[fileupload][]\" id=\"form-field-fileupload\" class=\"elementor-field elementor-size-lg  elementor-upload-field\" multiple=\"multiple\" data-maxsize=\"10\" data-maxsize-message=\"Diese Datei \u00fcbersteigt die maximale Dateigr\u00f6\u00dfe.\">\n\n\t\t\t\t\t\t<\/div>\n\t\t\t\t\t\t\t\t<div class=\"elementor-field-type-textarea elementor-field-group elementor-column elementor-field-group-field_51ff90d elementor-col-100\">\n\t\t\t\t\t\t\t\t\t\t\t\t<label for=\"form-field-field_51ff90d\" class=\"elementor-field-label elementor-screen-only\">\n\t\t\t\t\t\t\t\tWelche Art von Bodenaufkleber m\u00f6chten Sie (Breite, Farbe usw.)?\t\t\t\t\t\t\t<\/label>\n\t\t\t\t\t\t<textarea class=\"elementor-field-textual elementor-field  elementor-size-lg\" name=\"form_fields[field_51ff90d]\" id=\"form-field-field_51ff90d\" rows=\"2\" placeholder=\"Welche Art von Bodenaufkleber m\u00f6chten Sie (Breite, Farbe usw.)?\"><\/textarea>\t\t\t\t<\/div>\n\t\t\t\t\t\t\t\t<div class=\"elementor-field-group elementor-column elementor-field-type-submit elementor-col-100 e-form__buttons elementor-md-100\">\n\t\t\t\t\t<button class=\"elementor-button elementor-size-lg\" type=\"submit\" id=\"Submit\">\n\t\t\t\t\t\t<span class=\"elementor-button-content-wrapper\">\n\t\t\t\t\t\t\t\t\t\t\t\t\t\t\t\t\t\t\t\t\t\t<span class=\"elementor-button-text\">ANGEBOT ANFORDERN<\/span>\n\t\t\t\t\t\t\t\t\t\t\t\t\t<\/span>\n\t\t\t\t\t<\/button>\n\t\t\t\t<\/div>\n\t\t\t<\/div>\n\t\t<\/form>\n\t\t<style>.elementor-element.elementor-element-2194866b .elementor-field-group { align-self: flex-start; }<\/style>\t\t\t\t<\/div>\n\t\t\t\t<\/div>\n\t\t\t\t\t<\/div>\n\t\t<\/div>\n\t\t\t\t<div data-dce-background-color=\"#FF6A28\" class=\"elementor-column elementor-col-33 elementor-top-column elementor-element elementor-element-7550c6ee\" data-id=\"7550c6ee\" data-element_type=\"column\" data-e-type=\"column\" data-settings=\"{&quot;background_background&quot;:&quot;gradient&quot;}\">\n\t\t\t<div class=\"elementor-widget-wrap elementor-element-populated\">\n\t\t\t\t\t\t<div class=\"elementor-element elementor-element-1bf0a82 elementor-widget elementor-widget-image\" data-id=\"1bf0a82\" data-element_type=\"widget\" data-e-type=\"widget\" data-widget_type=\"image.default\">\n\t\t\t\t<div class=\"elementor-widget-container\">\n\t\t\t\t\t\t\t\t\t\t\t\t\t\t\t<img fetchpriority=\"high\" decoding=\"async\" width=\"800\" height=\"800\" src=\"https:\/\/easy-marking.com\/wp-content\/uploads\/Superior-Mark-Custom-Floor-Symbol-Mockup.png\" class=\"attachment-large size-large wp-image-25843\" alt=\"Individuelle Bodenschilder\/Bodenaufkleber\" srcset=\"https:\/\/easy-marking.com\/wp-content\/uploads\/Superior-Mark-Custom-Floor-Symbol-Mockup.png 1000w, https:\/\/easy-marking.com\/wp-content\/uploads\/Superior-Mark-Custom-Floor-Symbol-Mockup-300x300.png 300w, https:\/\/easy-marking.com\/wp-content\/uploads\/Superior-Mark-Custom-Floor-Symbol-Mockup-100x100.png 100w, https:\/\/easy-marking.com\/wp-content\/uploads\/Superior-Mark-Custom-Floor-Symbol-Mockup-600x600.png 600w, https:\/\/easy-marking.com\/wp-content\/uploads\/Superior-Mark-Custom-Floor-Symbol-Mockup-150x150.png 150w, https:\/\/easy-marking.com\/wp-content\/uploads\/Superior-Mark-Custom-Floor-Symbol-Mockup-768x768.png 768w\" sizes=\"(max-width: 800px) 100vw, 800px\" \/>\t\t\t\t\t\t\t\t\t\t\t\t\t\t\t<\/div>\n\t\t\t\t<\/div>\n\t\t\t\t\t<\/div>\n\t\t<\/div>\n\t\t\t\t\t<\/div>\n\t\t<\/section>\n\t\t\t\t<\/div>\n\t\t","protected":false},"excerpt":{"rendered":"<p>ERSTELLEN SIE IHRE EIGENEN INDIVIDUELLEN BODENSCHILDER! Unsere Sammlung von Bodenschildern\/Bodenaufklebern umfasst mehr als nur vorgedruckte Botschaften: Unsere kundenspezifischen Bodenaufkleber k\u00f6nnen in jeder Farbe und jedem Design hergestellt werden. F\u00fcgen Sie Unternehmensgrafiken und -logos hinzu oder erstellen Sie sicherheitsprozess- oder einrichtungsspezifische Nachrichten. INDIVIDUELLE BODENSCHILDER, OHNE ZUS\u00c4TZLICHE KOSTEN! Gerne fertigen wir f\u00fcr Sie individuelle Bodenschilder\/Bodenaufkleber an, ohne [&hellip;]<\/p>\n","protected":false},"author":3,"featured_media":0,"parent":0,"menu_order":0,"comment_status":"closed","ping_status":"closed","template":"elementor_header_footer","meta":{"_acf_changed":false,"footnotes":""},"class_list":["post-26615","page","type-page","status-publish","hentry"],"acf":[],"_links":{"self":[{"href":"https:\/\/easy-marking.com\/de\/wp-json\/wp\/v2\/pages\/26615","targetHints":{"allow":["GET"]}}],"collection":[{"href":"https:\/\/easy-marking.com\/de\/wp-json\/wp\/v2\/pages"}],"about":[{"href":"https:\/\/easy-marking.com\/de\/wp-json\/wp\/v2\/types\/page"}],"author":[{"embeddable":true,"href":"https:\/\/easy-marking.com\/de\/wp-json\/wp\/v2\/users\/3"}],"replies":[{"embeddable":true,"href":"https:\/\/easy-marking.com\/de\/wp-json\/wp\/v2\/comments?post=26615"}],"version-history":[{"count":0,"href":"https:\/\/easy-marking.com\/de\/wp-json\/wp\/v2\/pages\/26615\/revisions"}],"wp:attachment":[{"href":"https:\/\/easy-marking.com\/de\/wp-json\/wp\/v2\/media?parent=26615"}],"curies":[{"name":"wp","href":"https:\/\/api.w.org\/{rel}","templated":true}]}}