{"id":24982,"date":"2022-04-19T10:01:46","date_gmt":"2022-04-19T08:01:46","guid":{"rendered":"https:\/\/easy-marking.com\/?page_id=24982"},"modified":"2022-04-21T10:22:01","modified_gmt":"2022-04-21T08:22:01","slug":"datenschutz-bestimmungen","status":"publish","type":"page","link":"https:\/\/easy-marking.com\/de\/datenschutz-bestimmungen\/","title":{"rendered":"Datenschutz-Bestimmungen"},"content":{"rendered":"\t\t<div data-elementor-type=\"wp-page\" data-elementor-id=\"24982\" class=\"elementor elementor-24982 elementor-3\" data-elementor-post-type=\"page\">\n\t\t\t\t\t\t<section data-dce-background-image-url=\"https:\/\/easy-marking.com\/wp-content\/uploads\/2021\/05\/Industrial-flooring-tape-EasyMarking-Superior-Mark-3.jpg\" class=\"elementor-section elementor-top-section elementor-element elementor-element-49e7e8aa elementor-section-full_width elementor-section-height-min-height elementor-section-height-default elementor-section-items-middle\" data-id=\"49e7e8aa\" data-element_type=\"section\" data-e-type=\"section\" data-settings=\"{&quot;background_background&quot;:&quot;classic&quot;}\">\n\t\t\t\t\t\t\t<div class=\"elementor-background-overlay\"><\/div>\n\t\t\t\t\t\t\t<div class=\"elementor-container elementor-column-gap-default\">\n\t\t\t\t\t<div class=\"elementor-column elementor-col-100 elementor-top-column elementor-element elementor-element-3f65934b\" data-id=\"3f65934b\" data-element_type=\"column\" data-e-type=\"column\">\n\t\t\t<div class=\"elementor-widget-wrap elementor-element-populated\">\n\t\t\t\t\t\t<div class=\"elementor-element elementor-element-15b0c719 elementor-widget elementor-widget-shopengine-breadcrumbs\" data-id=\"15b0c719\" data-element_type=\"widget\" data-e-type=\"widget\" data-widget_type=\"shopengine-breadcrumbs.default\">\n\t\t\t\t<div class=\"elementor-widget-container\">\n\t\t\t\t\t<div class=\"shopengine shopengine-widget\"><\/div>\t\t\t\t<\/div>\n\t\t\t\t<\/div>\n\t\t\t\t\t<\/div>\n\t\t<\/div>\n\t\t\t\t\t<\/div>\n\t\t<\/section>\n\t\t\t\t<section class=\"elementor-section elementor-top-section elementor-element elementor-element-91d31d5 elementor-section-boxed elementor-section-height-default elementor-section-height-default\" data-id=\"91d31d5\" data-element_type=\"section\" data-e-type=\"section\">\n\t\t\t\t\t\t<div class=\"elementor-container elementor-column-gap-default\">\n\t\t\t\t\t<div data-dce-background-color=\"#FFFFFF\" class=\"elementor-column elementor-col-100 elementor-top-column elementor-element elementor-element-21d2e863\" data-id=\"21d2e863\" data-element_type=\"column\" data-e-type=\"column\" data-settings=\"{&quot;background_background&quot;:&quot;classic&quot;}\">\n\t\t\t<div class=\"elementor-widget-wrap elementor-element-populated\">\n\t\t\t\t\t\t<div class=\"elementor-element elementor-element-7637b98e elementor-widget elementor-widget-text-editor\" data-id=\"7637b98e\" data-element_type=\"widget\" data-e-type=\"widget\" data-widget_type=\"text-editor.default\">\n\t\t\t\t<div class=\"elementor-widget-container\">\n\t\t\t\t\t\t\t\t\t<p style=\"font-weight: 400;\">Easy-marking respektiert die Privatsph\u00e4re seiner Website-Besucher, insbesondere ihre Rechte in Bezug auf die automatische Verarbeitung personenbezogener Daten. Wir haben daher eine Richtlinie zur vollst\u00e4ndigen Transparenz mit unseren Kunden hinsichtlich der Verarbeitung personenbezogener Daten, ihres Zweckes und der M\u00f6glichkeiten zur bestm\u00f6glichen Aus\u00fcbung Ihrer gesetzlichen Rechte formuliert und umgesetzt.<\/p><p style=\"font-weight: 400;\">Wenn Sie weitere Informationen zum Schutz personenbezogener Daten ben\u00f6tigen, besuchen Sie bitte die Website der niederl\u00e4ndischen Datenschutzbeh\u00f6rde (Autoriteit Persoonsgegevens):<a href=\"https:\/\/autoriteitpersoonsgegevens.nl\/nl\" target=\"_blank\" rel=\"noopener noreferrer nofollow\"><u> <\/u> <u>https:\/\/autoriteitpersoonsgegevens.nl\/nl<\/u><\/a>.<\/p><p style=\"font-weight: 400;\">Bis Sie der Verwendung von Cookies und anderen Tracking-Ger\u00e4ten zustimmen, werden wir keine nicht-anonymisierten analytischen Cookies und\/oder Tracking-Cookies auf Ihrem Computer, Mobiltelefon oder Tablet platzieren.<\/p><p style=\"font-weight: 400;\">Mit dem fortgesetzten Besuch dieser Website akzeptieren Sie diese Nutzungsbedingungen und akzeptieren die Verwendung von Cookies und anderen Tracking-Systemen, es sei denn, wir haben auf unserer Website eine andere Methode zum Akzeptieren von Cookies bereitgestellt. <\/p><p style=\"font-weight: 400;\">W\u00e4hrend des Besuches unserer Website gilt ausschlie\u00dflich die aktuell verf\u00fcgbare Version dieser Datenschutzerkl\u00e4rung, bis eine neue Version die aktuelle Version ersetzt.<\/p><p style=\"font-weight: 400;\"><strong>Artikel 1 &#8211; Begriffsbestimmungen<\/strong><\/p><ol><li>Website (im Folgenden: \u201eWebsite\u201c) easy-marking.com.<\/li><li>Verantwortlicher f\u00fcr die Verarbeitung personenbezogener Daten (im Folgenden: \u201eder Verantwortliche\u201c): Easy-Marking, mit Sitz in Gildenweg 2c, 1695 GD Blokker, Niederlande, Handelskammernummer: 57583358.<\/li><\/ol><p style=\"font-weight: 400;\"><strong>Artikel 2 &#8211; Zugriff auf die Website<\/strong><\/p><p style=\"font-weight: 400;\">Der Zugriff auf und die Nutzung der Website sind streng personenbezogen. Sie werden die Daten und Informationen dieser Website nicht f\u00fcr eigene kommerzielle, politische oder werbliche Zwecke sowie f\u00fcr kommerzielle Angebote, insbesondere unaufgeforderte elektronische Angebote, verwenden. <\/p><p style=\"font-weight: 400;\"><strong>Artikel 3 &#8211; Inhalt der Website <\/strong> <\/p><p style=\"font-weight: 400;\">Alle Marken, Bilder, Texte, Kommentare, Illustrationen (animierte) Bilder, Videobilder, T\u00f6ne und alle technischen Anwendungen, die zum Betrieb dieser Website verwendet werden k\u00f6nnen, und ganz allgemein alle auf dieser Website verwendeten Komponenten, sind durch die Gesetze zum geistiges Eigentum gesch\u00fctzt. Jegliche Vervielf\u00e4ltigung, Wiederholung, Verwendung oder \u00c4nderung, mit welchen Mitteln auch immer, ganz oder teilweise, einschlie\u00dflich technischer Anwendungen, ohne die vorherige schriftliche Genehmigung des Verantwortlichen ist strengstens untersagt. Die Tatsache, dass der Verantwortliche eventuell keine sofortigen Ma\u00dfnahmen gegen eine Verletzung ergreift, kann weder als stillschweigende Zustimmung noch als Verzicht auf das Recht angesehen werden, die verletzende Partei strafrechtlich zu verfolgen.<\/p><p style=\"font-weight: 400;\"><strong>Artikel 4 &#8211; Verwaltung der Website<\/strong><\/p><p style=\"font-weight: 400;\">Zum Zwecke der ordnungsgem\u00e4\u00dfen Verwaltung der Website kann der Verantwortliche jederzeit:<\/p><ul><li>den Zugriff auf die Website f\u00fcr eine bestimmte Besucherkategorie aussetzen, unterbrechen, einschr\u00e4nken oder ablehnen<\/li><li>alle Informationen l\u00f6schen, die das Funktionieren der Website st\u00f6ren k\u00f6nnten oder gegen nationale oder internationale Gesetze versto\u00dfen oder gegen die Internet-Etikette versto\u00dfen<\/li><li>die Website vor\u00fcbergehend nicht verf\u00fcgbar machen, um Updates durchzuf\u00fchren<\/li><\/ul><p style=\"font-weight: 400;\"><strong>Artikel 5 &#8211; Verantwortlichkeiten<\/strong><\/p><ol><li>Der Verantwortliche haftet nicht f\u00fcr Ausf\u00e4lle, St\u00f6rungen, Schwierigkeiten oder Unterbrechungen des Betriebs der Website, die zur (vor\u00fcbergehenden) Unzug\u00e4nglichkeit der Website oder einer ihrer Funktionen f\u00fchren. Sie selbst sind daf\u00fcr verantwortlich, wie Sie eine Verbindung zu unserer Website herstellen. Sie m\u00fcssen alle geeigneten Ma\u00dfnahmen ergreifen, um Ihre Ger\u00e4te und Daten vor Gefahren wie Virenangriffen aus dem Internet zu sch\u00fctzen. Dar\u00fcber hinaus sind Sie daf\u00fcr verantwortlich, welche Websites Sie besuchen und welche Informationen Sie suchen.<\/li><li>Der Verantwortliche haftet nicht f\u00fcr Gerichtsverfahren gegen Sie:<\/li><\/ol><ul><li>aufgrund der Nutzung der \u00fcber das Internet zug\u00e4nglichen Website oder Dienste<\/li><li>f\u00fcr die Verletzung der Bedingungen dieser Datenschutzrichtlinie<\/li><\/ul><ol start=\"3\"><li>Der Verantwortliche haftet nicht f\u00fcr Sch\u00e4den, die Ihnen oder Dritten oder Ihren Ger\u00e4ten infolge Ihrer Verbindung mit oder der Nutzung der Website entstehen, und Sie werden von sp\u00e4teren (gerichtlichen) Schritten gegen den Verantwortlichen absehen.<\/li><li>Wenn der Verantwortliche aufgrund Ihrer (Miss-)Nutzung dieser Website in einen Rechtsstreit verwickelt ist, ist er berechtigt, alle Folgesch\u00e4den von Ihnen (zur\u00fcck-)zuverlangen.<\/li><\/ol><p style=\"font-weight: 400;\"><strong>Artikel 6 &#8211; Datensammlung<\/strong><\/p><ol><li>Ihre personenbezogenen Daten werden von Easy-marking erhoben. <\/li><li>Personenbezogene Daten sind alle Informationen, die sich auf eine identifizierte oder identifizierbare nat\u00fcrliche Person (\u201ebetroffene Person\u201c) beziehen. <\/li><li>Als identifizierbar wird eine nat\u00fcrliche Person angesehen, die direkt oder indirekt, insbesondere mittels Zuordnung zu einer Kennung wie einem Namen, zu einer Kennnummer, zu Standortdaten, zu einer Online-Kennung oder zu einem oder mehrerer besonderen Merkmalen der physischen, physiologischen, genetischen, geistigen, wirtschaftlichen, kulturellen oder sozialen Identit\u00e4t dieser nat\u00fcrlichen Person identifiziert werden kann.<\/li><li>Die auf der Website erhobenen personenbezogenen Daten werden vom Sammler haupts\u00e4chlich zur Pflege der (Gesch\u00e4fts-)Beziehung mit Ihnen und ggf. zur Abwicklung Ihrer Bestellungen verwendet. Sie werden in einem (elektronischen) Register erfasst. <\/li><\/ol><p style=\"font-weight: 400;\"><strong>Artikel 7 &#8211; Ihre Rechte in Bezug auf Informationen<\/strong><\/p><ol><li>Gem\u00e4\u00df Art. 13 Abs. 2 Buchstabe b DSGVO hat jede betroffene Person das Recht auf Information und Zugang, sowie Berichtigung, L\u00f6schung und Einschr\u00e4nkung der Verarbeitung ihrer personenbezogenen Daten sowie das Recht auf Widerspruch gegen die Verarbeitung und das Recht auf Daten\u00fcbertragbarkeit. <\/li><li>Sie k\u00f6nnen diese Rechte aus\u00fcben, indem Sie uns unter online@easy-marking.com kontaktieren.<\/li><li>Jeder Anfrage muss eine Kopie eines g\u00fcltigen Ausweises beiliegen, auf dem Sie Ihre Unterschrift setzen und die Adresse angeben, unter der wir Sie erreichen k\u00f6nnen. <\/li><li>Innerhalb eines Monats nach Absenden der Anfrage erhalten Sie von uns eine Antwort. <\/li><li>Je nach Komplexit\u00e4t und Anzahl der Anfragen kann diese Frist auf zwei Monate verl\u00e4ngert werden.<\/li><\/ol><p style=\"font-weight: 400;\"><strong>Artikel 8 &#8211; Gesetzliche Verpflichtungen<\/strong><\/p><ol><li>Im Falle eines Versto\u00dfes gegen ein Gesetz oder eine Verordnung, dessen ein Besucher verd\u00e4chtigt wird und f\u00fcr den die Beh\u00f6rden die vom Datenerfasser gesammelten personenbezogenen Daten ben\u00f6tigen, werden sie nach einer ausdr\u00fccklichen und begr\u00fcndeten Anfrage dieser Beh\u00f6rden zur Verf\u00fcgung gestellt, woraufhin diese personenbezogenen Daten nicht mehr unter den Schutz der Bestimmungen dieser Datenschutzerkl\u00e4rung fallen.<\/li><li>Wenn Informationen erforderlich sind, um Zugriff auf bestimmte Funktionen der Website zu erhalten, weist der Verantwortliche bei der Anforderung dieser Daten auf den obligatorischen Charakter dieser Informationen hin.<\/li><\/ol><p style=\"font-weight: 400;\"><strong>Artikel 9 &#8211; Gesammelte Daten und kommerzielle Angebote<\/strong><\/p><ol><li>M\u00f6glicherweise erhalten Sie kommerzielle Angebote vom Sammler. Wenn Sie diese nicht (mehr) erhalten m\u00f6chten, senden Sie uns bitte eine E-Mail an folgende Adresse: online@easy-marking.com.<\/li><li>Ihre personenbezogenen Daten k\u00f6nnen von unseren Partnern f\u00fcr kommerzielle Zwecke verwendet werden. Wenn Sie dies nicht w\u00fcnschen, senden Sie uns bitte eine E-Mail an folgende Adresse: online@easy-marking.com. <\/li><li>Wenn Sie beim Besuch unserer Website auf personenbezogene Daten anderer betroffener Personen sto\u00dfen, haben Sie jede Erhebung, jede unbefugte Nutzung oder jede andere Handlung zu unterlassen, die eine Verletzung der Privatsph\u00e4re der betroffenen Person(en) darstellt. Der Sammler ist unter diesen Umst\u00e4nden nicht verantwortlich.<\/li><\/ol><p style=\"font-weight: 400;\"><strong>Artikel 10 &#8211; Vorratsdatenspeicherung<\/strong><\/p><p style=\"font-weight: 400;\">Die erhobenen Daten werden f\u00fcr die gesetzlich festgelegte Dauer verwendet und aufbewahrt.<\/p><p style=\"font-weight: 400;\"><strong>Artikel 11 &#8211; Cookies<\/strong><\/p><ol><li>Ein Cookie ist eine kleine Textdatei, die beim Besuch unserer Website auf der Festplatte Ihres elektronischen Ger\u00e4ts abgelegt wird. Ein Cookie enth\u00e4lt Daten, um Sie als Besucher wiederzuerkennen, wenn Sie unsere Website besuchen. Es erm\u00f6glicht uns eine Anpassung an Ihre Bed\u00fcrfnisse und erleichtert Ihnen die Anmeldung auf unserer Website. Beim Besuch unserer Website informieren wir Sie \u00fcber die Verwendung von Cookies. Indem Sie unsere Website weiterhin nutzen, akzeptieren Sie deren Nutzung, es sei denn, wir bitten Sie auf andere Weise um Erlaubnis. Ihre Einwilligung gilt f\u00fcr einen Zeitraum von dreizehn Monaten. <\/li><li>Wir verwenden auf unserer Website die folgenden Arten von Cookies:<\/li><\/ol><p style=\"font-weight: 400;\">&#8211; Funktionale Cookies: wie Sitzungs- und Login-Cookies, um Sitzungs- und Login-Informationen zu sammeln. <\/p><p style=\"font-weight: 400;\">&#8211; Anonymisierte analytische Cookies: um Informationen \u00fcber die Besuche auf unserer Website zu erhalten, wie Besucherzahlen, beliebte Seiten und Themen. So k\u00f6nnen wir unsere Kommunikation und Information an den Bed\u00fcrfnissen unserer Besucher ausrichten. Wir k\u00f6nnen nicht sehen, wer unsere Seiten besucht oder von welchem pers\u00f6nlichen Ger\u00e4t aus der Besuch erfolgt ist.<\/p><p style=\"font-weight: 400;\">&#8211; Nicht anonymisierte Analyse-Cookies: um Informationen \u00fcber die Besuche auf unserer Website zu erhalten, wie z. B. die Anzahl der Besucher, beliebte Seiten und Themen. So k\u00f6nnen wir unsere Kommunikation und Information an den Bed\u00fcrfnissen unserer Besucher ausrichten. <\/p><p style=\"font-weight: 400;\">&#8211; Tracking-Cookies: wie Werbe-Cookies, die relevante Werbung zeigen sollen. Durch die Verwendung dieser Cookies k\u00f6nnen wir auf Ihre pers\u00f6nlichen Interessen schlie\u00dfen. Daher k\u00f6nnen (andere) Organisationen Ihnen zielgerichtete Werbung zeigen, wenn Sie ihre Website besuchen. Tracking-Cookies erm\u00f6glichen die Erstellung von Profilen und behandeln Personen Kategorien bei der Ausrichtung von Werbung unterschiedlich. Tracking-Cookies verarbeiten in der Regel personenbezogene Daten. <\/p><ol start=\"3\"><li><strong>Konkret verwenden wir auf unserer Website folgende Cookies:<\/strong><\/li><\/ol><p style=\"font-weight: 400;\">Anonymisiertes Google Analytics (analytisches Cookie)<br>Google Analytics (analytisches Cookie)<br>AfterClick<br>HockyStack<br>Facebook (tracking cookie)<br>Google Adwords (tracking cookie)<br>Linkedin Ads<\/p><ol start=\"4\"><li>Wenn Sie unsere Website besuchen, k\u00f6nnen Cookies vom Verantwortlichen und\/oder Drittem auf Ihrem Ger\u00e4t installiert werden. <\/li><li>F\u00fcr weitere Informationen \u00fcber die Verwendung, Verwaltung und L\u00f6schung von Cookies f\u00fcr jedes elektronische Ger\u00e4t laden wir Sie ein, den folgenden Link zu konsultieren: <a href=\"https:\/\/autoriteitpersoonsgegevens.nl\/nl\/onderwerpen\/internet-telefoon-tv-en-post\/cookies#faq\" target=\"_blank\" rel=\"noopener noreferrer nofollow\"><u>https:\/\/autoriteitpersoonsgegevens.nl\/nl\/onderwerpen\/internet-telefoon-tv-en-post \/ cookies # faq<\/u><\/a><\/li><\/ol><p style=\"font-weight: 400;\"><strong>Artikel 12 &#8211; Bilder und angebotene Produkte<\/strong><\/p><p style=\"font-weight: 400;\">Sie k\u00f6nnen keine Rechte aus den Bildern ableiten, die einem auf unserer Website angebotenen Produkt beigef\u00fcgt sind.<\/p><p style=\"font-weight: 400;\"><strong>Artikel 13 &#8211; Anwendbares Recht<\/strong><\/p><p style=\"font-weight: 400;\">Diese Bedingungen unterliegen niederl\u00e4ndischem Recht. Das Gericht in dem Bezirk, in dem der Sammler seinen Gesch\u00e4ftssitz hat, ist ausschlie\u00dflich zust\u00e4ndig f\u00fcr Streitigkeiten in Bezug auf diese Bedingungen, es sei denn, es gilt eine gesetzliche Ausnahme.<\/p><p style=\"font-weight: 400;\"><strong>Artikel 14 &#8211; Kontakt<\/strong><\/p><p style=\"font-weight: 400;\">Bei Fragen, Produktinformationen oder Informationen \u00fcber die Website selbst wenden Sie sich bitte an Kees Vlaar, online@easy-marking.com.<\/p><p style=\"font-weight: 400;\"> <\/p><p style=\"font-weight: 400;\"> <\/p><p style=\"font-weight: 400;\"> <\/p>\t\t\t\t\t\t\t\t<\/div>\n\t\t\t\t<\/div>\n\t\t\t\t\t<\/div>\n\t\t<\/div>\n\t\t\t\t\t<\/div>\n\t\t<\/section>\n\t\t\t\t<\/div>\n\t\t","protected":false},"excerpt":{"rendered":"<p>Home Easy-marking respektiert die Privatsph\u00e4re seiner Website-Besucher, insbesondere ihre Rechte in Bezug auf die automatische Verarbeitung personenbezogener Daten. Wir haben daher eine Richtlinie zur vollst\u00e4ndigen Transparenz mit unseren Kunden hinsichtlich der Verarbeitung personenbezogener Daten, ihres Zweckes und der M\u00f6glichkeiten zur bestm\u00f6glichen Aus\u00fcbung Ihrer gesetzlichen Rechte formuliert und umgesetzt. Wenn Sie weitere Informationen zum Schutz personenbezogener [&hellip;]<\/p>\n","protected":false},"author":3,"featured_media":0,"parent":0,"menu_order":0,"comment_status":"closed","ping_status":"open","template":"","meta":{"_acf_changed":false,"footnotes":""},"class_list":["post-24982","page","type-page","status-publish","hentry"],"acf":[],"_links":{"self":[{"href":"https:\/\/easy-marking.com\/de\/wp-json\/wp\/v2\/pages\/24982","targetHints":{"allow":["GET"]}}],"collection":[{"href":"https:\/\/easy-marking.com\/de\/wp-json\/wp\/v2\/pages"}],"about":[{"href":"https:\/\/easy-marking.com\/de\/wp-json\/wp\/v2\/types\/page"}],"author":[{"embeddable":true,"href":"https:\/\/easy-marking.com\/de\/wp-json\/wp\/v2\/users\/3"}],"replies":[{"embeddable":true,"href":"https:\/\/easy-marking.com\/de\/wp-json\/wp\/v2\/comments?post=24982"}],"version-history":[{"count":0,"href":"https:\/\/easy-marking.com\/de\/wp-json\/wp\/v2\/pages\/24982\/revisions"}],"wp:attachment":[{"href":"https:\/\/easy-marking.com\/de\/wp-json\/wp\/v2\/media?parent=24982"}],"curies":[{"name":"wp","href":"https:\/\/api.w.org\/{rel}","templated":true}]}}