{"id":24124,"date":"2022-02-24T15:18:38","date_gmt":"2022-02-24T14:18:38","guid":{"rendered":"https:\/\/easy-marking.com\/ueber-uns\/"},"modified":"2022-03-01T09:55:33","modified_gmt":"2022-03-01T08:55:33","slug":"ueber-uns","status":"publish","type":"page","link":"https:\/\/easy-marking.com\/de\/ueber-uns\/","title":{"rendered":"\u00dcber uns"},"content":{"rendered":"\t\t<div data-elementor-type=\"wp-page\" data-elementor-id=\"24124\" class=\"elementor elementor-24124 elementor-24092\" data-elementor-post-type=\"page\">\n\t\t\t\t\t\t<section data-dce-background-image-url=\"https:\/\/easy-marking.com\/wp-content\/uploads\/2021\/05\/Carpet-tape-EasyMarking-Superior-Mark-13.jpg\" class=\"elementor-section elementor-top-section elementor-element elementor-element-5bfbad8f elementor-section-full_width elementor-section-height-min-height elementor-section-height-default elementor-section-items-middle\" data-id=\"5bfbad8f\" data-element_type=\"section\" data-e-type=\"section\" data-settings=\"{&quot;background_background&quot;:&quot;classic&quot;}\">\n\t\t\t\t\t\t\t<div class=\"elementor-background-overlay\"><\/div>\n\t\t\t\t\t\t\t<div class=\"elementor-container elementor-column-gap-default\">\n\t\t\t\t\t<div class=\"elementor-column elementor-col-100 elementor-top-column elementor-element elementor-element-e33f86b\" data-id=\"e33f86b\" data-element_type=\"column\" data-e-type=\"column\">\n\t\t\t<div class=\"elementor-widget-wrap elementor-element-populated\">\n\t\t\t\t\t\t<div class=\"elementor-element elementor-element-2e6ad844 elementor-widget elementor-widget-shopengine-breadcrumbs\" data-id=\"2e6ad844\" data-element_type=\"widget\" data-e-type=\"widget\" data-widget_type=\"shopengine-breadcrumbs.default\">\n\t\t\t\t<div class=\"elementor-widget-container\">\n\t\t\t\t\t<div class=\"shopengine shopengine-widget\"><\/div>\t\t\t\t<\/div>\n\t\t\t\t<\/div>\n\t\t\t\t\t<\/div>\n\t\t<\/div>\n\t\t\t\t\t<\/div>\n\t\t<\/section>\n\t\t\t\t<section class=\"elementor-section elementor-top-section elementor-element elementor-element-1aaa9e13 elementor-section-boxed elementor-section-height-default elementor-section-height-default\" data-id=\"1aaa9e13\" data-element_type=\"section\" data-e-type=\"section\">\n\t\t\t\t\t\t<div class=\"elementor-container elementor-column-gap-default\">\n\t\t\t\t\t<div data-dce-background-color=\"#FFFFFF\" class=\"elementor-column elementor-col-100 elementor-top-column elementor-element elementor-element-41304aa\" data-id=\"41304aa\" data-element_type=\"column\" data-e-type=\"column\" data-settings=\"{&quot;background_background&quot;:&quot;classic&quot;}\">\n\t\t\t<div class=\"elementor-widget-wrap elementor-element-populated\">\n\t\t\t\t\t\t<div class=\"elementor-element elementor-element-c58a0ce elementor-widget elementor-widget-text-editor\" data-id=\"c58a0ce\" data-element_type=\"widget\" data-e-type=\"widget\" data-widget_type=\"text-editor.default\">\n\t\t\t\t<div class=\"elementor-widget-container\">\n\t\t\t\t\t\t\t\t\t<h3>Warum B\u00f6den noch dauerhaft anstreichen?<\/h3>\n<p>Beim Arbeiten mit Farbe m\u00fcssen B\u00f6den mit Verfahren wie Perlenstrahlen oder S\u00e4ure\u00e4tzen vorbereitet werden. Es ist zwar ein notwendiger Schritt damit die Farbe auf der Oberfl\u00e4che des Betons gut haltbar ist, jedoch besch\u00e4digt es den Beton. Der Betrieb muss eingestellt werden, um die langen Stunden des Farbauftrages und der Trocknungszeit zu bew\u00e4ltigen. Und dann, wenn lackierte Linien starkem Verkehr wie Gabelstaplern ausgesetzt sind, ist die Geschwindigkeit, mit der sich die Markierungen verschlechtern, entt\u00e4uschend schnell.<\/p>\n<h3>Eine Markierungsbandplattform<\/h3>\n<p>Unsere E-Commerce-Website hei\u00dft Easy-marking.com, um Menschen dazu zu ermutigen, zu hinterfragen, ob Streichen der beste Weg ist, Fu\u00dfb\u00f6den zu markieren. OSHA verlangt, dass Fu\u00dfg\u00e4ngerwege deutlich gekennzeichnet sind, und jedes Unternehmen, das effizient sein m\u00f6chte, wird auch Fu\u00dfb\u00f6den aus organisatorischen und Sicherheitsgr\u00fcnden markieren. Die Frage ist, welche Methode der Bodenmarkierung im Laufe der Zeit wirtschaftlich sinnvoll ist? Um diese Frage zu beantworten, m\u00fcssen Unternehmen viel Zeit damit verbringen, Kosten aufzudecken, die in den verschiedenen Kategorien ihrer Budgets oder zwischen den Einzelpostendetails eines Auftragnehmerangebots verborgen sind. Die Wahrheit ist, wenn Sie die meisten Unternehmen fragen, wie viel sie f\u00fcr die Wartung ihrer Bodenmarkierungen ausgeben, k\u00f6nnen sie selten eine klare Antwort geben.<\/p>\n<h3>Ausgezeichnete Qualit\u00e4t der Markierungen<\/h3>\n<p>Mit dem Superior Mark\u2122 Band kann, wenn ein Abschnitt aufgrund von starkem Verkehr abgenutzt oder besch\u00e4digt wird, ein neues St\u00fcck Klebeband in wenigen Minuten ohne gr\u00f6\u00dfere Unterbrechungen des Anlagenbetriebes gesplei\u00dft und eingef\u00fcgt werden. Superior Mark\u2122 ist auch leicht zu entfernen, was \u00c4nderungen im Layout einfach macht. Die Flexibilit\u00e4t der Verwendung von Superior Mark\u2122 Band ist f\u00fcr unsere Kunden ansprechend, die oft in letzter Minute \u00fcber Inspektionen, Audits und wichtige Besucher informiert werden. Das Erscheinungsbild des Bodens hat einen tiefgreifenden Einfluss auf das Erscheinungsbild der gesamten Einrichtung. Wenn der Boden in gutem Zustand erscheint, spiegelt dies einen Sinn f\u00fcr Organisation und Effizienz wider, der sich unbewusst auf die Moral im gesamten Unternehmen auswirkt. Am wichtigsten ist, dass es einen sichereren Arbeitsplatz schafft. Aus diesen Gr\u00fcnden sch\u00e4tzen unsere Kunden unser patentiertes Bodenmarkierungssystem sehr. Die Verwendung von Superior Mark\u2122 bedeutet, jeden Tag einen gro\u00dfartig aussehenden und gut organisierten Boden zu haben.<\/p>\n<h3>Unsere Mission<\/h3>\n<ul>\n<li>Unseren Kunden zu helfen, sichere, organisierte Arbeitspl\u00e4tze zu schaffen, indem wir das beste Innen- und Au\u00dfenmarkierungsband auf dem Markt produzieren.<\/li>\n<li>Kontinuierliche Verbesserung und Innovation unserer Produkte und Dienstleistungen sind von gr\u00f6\u00dfter Bedeutung, um die Erwartungen unserer Kunden zu erf\u00fcllen und zu \u00fcbertreffen.<\/li>\n<li>Unsere Kunden sind am wichtigsten und deshalb ist Ihr Feedback f\u00fcr den Erfolg unserer Mission von unsch\u00e4tzbarem Wert.<\/li>\n<\/ul>\n<h3>Was wir bieten<\/h3>\n<p>Wir bieten eine wartungsfreundliche Methode zum visuellen Organisieren und Kommunizieren von Sicherheitshinweisen auf Betonb\u00f6den und Asphaltoberfl\u00e4chen. Unsere patentierten, selbstklebenden Markierungssysteme k\u00f6nnen schnell installiert, einfach gewartet und leicht entfernt werden, ohne die Arbeitskosten und das Herunterfahren des Betriebes, die beim Lackieren erforderlich sind. Unsere B\u00e4nder werden am h\u00e4ufigsten zum Markieren von Fu\u00dfg\u00e4ngerwegen verwendet, aber auch zum Kennzeichnen von Lagerpl\u00e4tzen, zum Warnen vor gef\u00e4hrlichen Bedingungen und zum Freihalten von Bereichen zur Sicherheit. Dies f\u00fchrt zu erh\u00f6hter Produktivit\u00e4t, Effizienz und Sicherheit in den Anlagen unserer Kunden.<\/p>\n\t\t\t\t\t\t\t\t<\/div>\n\t\t\t\t<\/div>\n\t\t\t\t\t<\/div>\n\t\t<\/div>\n\t\t\t\t\t<\/div>\n\t\t<\/section>\n\t\t\t\t<\/div>\n\t\t","protected":false},"excerpt":{"rendered":"<p>Home Warum B\u00f6den noch dauerhaft anstreichen? Beim Arbeiten mit Farbe m\u00fcssen B\u00f6den mit Verfahren wie Perlenstrahlen oder S\u00e4ure\u00e4tzen vorbereitet werden. Es ist zwar ein notwendiger Schritt damit die Farbe auf der Oberfl\u00e4che des Betons gut haltbar ist, jedoch besch\u00e4digt es den Beton. Der Betrieb muss eingestellt werden, um die langen Stunden des Farbauftrages und der [&hellip;]<\/p>\n","protected":false},"author":3,"featured_media":0,"parent":0,"menu_order":0,"comment_status":"closed","ping_status":"closed","template":"","meta":{"_acf_changed":false,"footnotes":""},"class_list":["post-24124","page","type-page","status-publish","hentry"],"acf":[],"_links":{"self":[{"href":"https:\/\/easy-marking.com\/de\/wp-json\/wp\/v2\/pages\/24124","targetHints":{"allow":["GET"]}}],"collection":[{"href":"https:\/\/easy-marking.com\/de\/wp-json\/wp\/v2\/pages"}],"about":[{"href":"https:\/\/easy-marking.com\/de\/wp-json\/wp\/v2\/types\/page"}],"author":[{"embeddable":true,"href":"https:\/\/easy-marking.com\/de\/wp-json\/wp\/v2\/users\/3"}],"replies":[{"embeddable":true,"href":"https:\/\/easy-marking.com\/de\/wp-json\/wp\/v2\/comments?post=24124"}],"version-history":[{"count":0,"href":"https:\/\/easy-marking.com\/de\/wp-json\/wp\/v2\/pages\/24124\/revisions"}],"wp:attachment":[{"href":"https:\/\/easy-marking.com\/de\/wp-json\/wp\/v2\/media?parent=24124"}],"curies":[{"name":"wp","href":"https:\/\/api.w.org\/{rel}","templated":true}]}}